{"id":7329,"date":"2021-05-26T15:00:07","date_gmt":"2021-05-26T21:00:07","guid":{"rendered":"https:\/\/stanthonykc.org\/?page_id=7329"},"modified":"2021-06-17T10:20:48","modified_gmt":"2021-06-17T16:20:48","slug":"photography-fotographia","status":"publish","type":"page","link":"https:\/\/stanthonykc.org\/es\/photography-fotographia\/","title":{"rendered":"Photography-Fotograph\u00eda"},"content":{"rendered":"<div data-elementor-type=\"wp-page\" data-elementor-id=\"7329\" class=\"elementor elementor-7329\">\n\t\t\t\t\t\t<section class=\"elementor-section elementor-top-section elementor-element elementor-element-86aa25f elementor-section-boxed elementor-section-height-default elementor-section-height-default\" data-id=\"86aa25f\" data-element_type=\"section\" data-e-type=\"section\">\n\t\t\t\t\t\t<div class=\"elementor-container elementor-column-gap-default\">\n\t\t\t\t\t<div class=\"elementor-column elementor-col-100 elementor-top-column elementor-element elementor-element-3fbfc69\" data-id=\"3fbfc69\" data-element_type=\"column\" data-e-type=\"column\">\n\t\t\t<div class=\"elementor-widget-wrap elementor-element-populated\">\n\t\t\t\t\t\t<div class=\"elementor-element elementor-element-5e57d7c elementor-widget elementor-widget-heading\" data-id=\"5e57d7c\" data-element_type=\"widget\" data-e-type=\"widget\" data-widget_type=\"heading.default\">\n\t\t\t\t<div class=\"elementor-widget-container\">\n\t\t\t\t\t<h2 class=\"elementor-heading-title elementor-size-default\">Photography - Fotograph\u00eda<\/h2>\t\t\t\t<\/div>\n\t\t\t\t<\/div>\n\t\t\t\t\t<\/div>\n\t\t<\/div>\n\t\t\t\t\t<\/div>\n\t\t<\/section>\n\t\t\t\t<section class=\"elementor-section elementor-top-section elementor-element elementor-element-116a18e elementor-section-boxed elementor-section-height-default elementor-section-height-default\" data-id=\"116a18e\" data-element_type=\"section\" data-e-type=\"section\">\n\t\t\t\t\t\t<div class=\"elementor-container elementor-column-gap-default\">\n\t\t\t\t\t<div class=\"elementor-column elementor-col-100 elementor-top-column elementor-element elementor-element-83e2579\" data-id=\"83e2579\" data-element_type=\"column\" data-e-type=\"column\">\n\t\t\t<div class=\"elementor-widget-wrap elementor-element-populated\">\n\t\t\t\t\t\t<div class=\"elementor-element elementor-element-649a5ff elementor-widget elementor-widget-image\" data-id=\"649a5ff\" data-element_type=\"widget\" data-e-type=\"widget\" data-widget_type=\"image.default\">\n\t\t\t\t<div class=\"elementor-widget-container\">\n\t\t\t\t\t\t\t\t\t\t\t\t\t\t\t<img loading=\"lazy\" decoding=\"async\" width=\"960\" height=\"540\" src=\"https:\/\/stanthonykc.org\/wp-content\/uploads\/2021\/05\/churchh.jpg\" class=\"attachment-large size-large wp-image-7362\" alt=\"\" srcset=\"https:\/\/stanthonykc.org\/wp-content\/uploads\/2021\/05\/churchh.jpg 960w, https:\/\/stanthonykc.org\/wp-content\/uploads\/2021\/05\/churchh-300x169.jpg 300w, https:\/\/stanthonykc.org\/wp-content\/uploads\/2021\/05\/churchh-768x432.jpg 768w, https:\/\/stanthonykc.org\/wp-content\/uploads\/2021\/05\/churchh-16x9.jpg 16w\" sizes=\"auto, (max-width: 960px) 100vw, 960px\" \/>\t\t\t\t\t\t\t\t\t\t\t\t\t\t\t<\/div>\n\t\t\t\t<\/div>\n\t\t\t\t\t<\/div>\n\t\t<\/div>\n\t\t\t\t\t<\/div>\n\t\t<\/section>\n\t\t\t\t<section class=\"elementor-section elementor-top-section elementor-element elementor-element-52d4cd8 elementor-section-boxed elementor-section-height-default elementor-section-height-default\" data-id=\"52d4cd8\" data-element_type=\"section\" data-e-type=\"section\">\n\t\t\t\t\t\t<div class=\"elementor-container elementor-column-gap-default\">\n\t\t\t\t\t<div class=\"elementor-column elementor-col-50 elementor-top-column elementor-element elementor-element-c33e3a2\" data-id=\"c33e3a2\" data-element_type=\"column\" data-e-type=\"column\">\n\t\t\t<div class=\"elementor-widget-wrap elementor-element-populated\">\n\t\t\t\t\t\t<div class=\"elementor-element elementor-element-69cd993 elementor-widget elementor-widget-text-editor\" data-id=\"69cd993\" data-element_type=\"widget\" data-e-type=\"widget\" data-widget_type=\"text-editor.default\">\n\t\t\t\t<div class=\"elementor-widget-container\">\n\t\t\t\t\t\t\t\t\t<p>Estimado fot\u00f3grafo,<\/p><p>Gracias por asistir al evento de hoy en la Iglesia Cat\u00f3lica St. Anthony. Crear\u00e1s recuerdos duraderos para las familias reunidas aqu\u00ed.<\/p><p>Before and after the service, you may take photos anywhere in the church. Please let us know if you want us to adjust the lights.<\/p><p>Para la procesi\u00f3n de entrada, puede pararse donde quiera tomar fotograf\u00edas.<\/p><p>Once the entrance procession is over, please remain to the sides or the back of the church for the rest of the service.<\/p><p>Por favor no ingrese al santuario (el \u00e1rea elevada frente a los bancos).<\/p><p>No ingrese al pasillo central durante el servicio o col\u00f3quese frente a los bancos.<\/p><p>Por favor, mantenga las c\u00e1maras de video estacionarias. La gente se est\u00e1 reuniendo para orar, y es importante minimizar las distracciones.<\/p><p>Por favor \u00fanase a nosotros en oraci\u00f3n durante el servicio. Invitamos a su participaci\u00f3n tambi\u00e9n.<\/p><p>\u00a1Por favor regrese a St. Anthony alguna vez cuando no tenga que trabajar! Y \u00fanete a nosotros mientras adoramos a Dios.<\/p>\t\t\t\t\t\t\t\t<\/div>\n\t\t\t\t<\/div>\n\t\t\t\t\t<\/div>\n\t\t<\/div>\n\t\t\t\t<div class=\"elementor-column elementor-col-50 elementor-top-column elementor-element elementor-element-3321a34\" data-id=\"3321a34\" data-element_type=\"column\" data-e-type=\"column\">\n\t\t\t<div class=\"elementor-widget-wrap elementor-element-populated\">\n\t\t\t\t\t\t<div class=\"elementor-element elementor-element-376dc6d elementor-widget elementor-widget-text-editor\" data-id=\"376dc6d\" data-element_type=\"widget\" data-e-type=\"widget\" data-widget_type=\"text-editor.default\">\n\t\t\t\t<div class=\"elementor-widget-container\">\n\t\t\t\t\t\t\t\t\t<p>Estimado fot\u00f3grafo,<\/p><p>Gracias por asistir al evento de hoy en la Iglesia Cat\u00f3lica de San Antonio. Crear\u00e1s recuerdos duraderos para las familias reunidas aqu\u00ed.<\/p><p>Antes y despu\u00e9s del servicio, puede tomar fotograf\u00edas en cualquier lugar de la iglesia. H\u00e1ganos saber si desea que ajustemos las luces.<\/p><p>Para la procesi\u00f3n de entrada, puede pararse donde quiera para tomar fotograf\u00edas.<\/p><p>Una vez que termine la procesi\u00f3n de entrada, permanezca a los lados o en la parte trasera de la iglesia durante el resto del servicio.<\/p><p>Por favor, no ingrese al santuario (el \u00e1rea elevada frente a los bancos).<\/p><p>No ingrese al pasillo central durante el servicio ni se coloque frente a los bancos.<\/p><p>Mantenga las c\u00e1maras de video estacionarias. La gente se est\u00e1 reuniendo para orar y es importante minimizar las distracciones.<\/p><p>\u00danase a nosotros en oraci\u00f3n durante el servicio. Tambi\u00e9n los invitamos a participar.<\/p><p>\u00a1Vuelva a San Antonio en alg\u00fan momento cuando no tenga que trabajar! Y \u00fanete a nosotros mientras adoramos a Dios.<\/p>\t\t\t\t\t\t\t\t<\/div>\n\t\t\t\t<\/div>\n\t\t\t\t\t<\/div>\n\t\t<\/div>\n\t\t\t\t\t<\/div>\n\t\t<\/section>\n\t\t\t\t<\/div>","protected":false},"excerpt":{"rendered":"<p>Photography &#8211; Fotograph\u00eda Dear Photographer, Thank you for coming to today\u2019s event at St. Anthony Catholic Church. You will create lasting memories for the families gathered here. Before and after [&hellip;]<\/p>\n","protected":false},"author":2,"featured_media":0,"parent":0,"menu_order":0,"comment_status":"closed","ping_status":"closed","template":"","meta":{"nf_dc_page":"","site-sidebar-layout":"no-sidebar","site-content-layout":"page-builder","ast-site-content-layout":"default","site-content-style":"default","site-sidebar-style":"default","ast-global-header-display":"","ast-banner-title-visibility":"","ast-main-header-display":"","ast-hfb-above-header-display":"","ast-hfb-below-header-display":"","ast-hfb-mobile-header-display":"","site-post-title":"disabled","ast-breadcrumbs-content":"","ast-featured-img":"disabled","footer-sml-layout":"","ast-disable-related-posts":"","theme-transparent-header-meta":"default","adv-header-id-meta":"","stick-header-meta":"","header-above-stick-meta":"","header-main-stick-meta":"","header-below-stick-meta":"","astra-migrate-meta-layouts":"default","ast-page-background-enabled":"default","ast-page-background-meta":{"desktop":{"background-color":"","background-image":"","background-repeat":"repeat","background-position":"center center","background-size":"auto","background-attachment":"scroll","background-type":"","background-media":"","overlay-type":"","overlay-color":"","overlay-opacity":"","overlay-gradient":""},"tablet":{"background-color":"","background-image":"","background-repeat":"repeat","background-position":"center center","background-size":"auto","background-attachment":"scroll","background-type":"","background-media":"","overlay-type":"","overlay-color":"","overlay-opacity":"","overlay-gradient":""},"mobile":{"background-color":"","background-image":"","background-repeat":"repeat","background-position":"center center","background-size":"auto","background-attachment":"scroll","background-type":"","background-media":"","overlay-type":"","overlay-color":"","overlay-opacity":"","overlay-gradient":""}},"ast-content-background-meta":{"desktop":{"background-color":"var(--ast-global-color-5)","background-image":"","background-repeat":"repeat","background-position":"center center","background-size":"auto","background-attachment":"scroll","background-type":"","background-media":"","overlay-type":"","overlay-color":"","overlay-opacity":"","overlay-gradient":""},"tablet":{"background-color":"var(--ast-global-color-5)","background-image":"","background-repeat":"repeat","background-position":"center center","background-size":"auto","background-attachment":"scroll","background-type":"","background-media":"","overlay-type":"","overlay-color":"","overlay-opacity":"","overlay-gradient":""},"mobile":{"background-color":"var(--ast-global-color-5)","background-image":"","background-repeat":"repeat","background-position":"center center","background-size":"auto","background-attachment":"scroll","background-type":"","background-media":"","overlay-type":"","overlay-color":"","overlay-opacity":"","overlay-gradient":""}},"footnotes":""},"class_list":["post-7329","page","type-page","status-publish","hentry"],"_links":{"self":[{"href":"https:\/\/stanthonykc.org\/es\/wp-json\/wp\/v2\/pages\/7329","targetHints":{"allow":["GET"]}}],"collection":[{"href":"https:\/\/stanthonykc.org\/es\/wp-json\/wp\/v2\/pages"}],"about":[{"href":"https:\/\/stanthonykc.org\/es\/wp-json\/wp\/v2\/types\/page"}],"author":[{"embeddable":true,"href":"https:\/\/stanthonykc.org\/es\/wp-json\/wp\/v2\/users\/2"}],"replies":[{"embeddable":true,"href":"https:\/\/stanthonykc.org\/es\/wp-json\/wp\/v2\/comments?post=7329"}],"version-history":[{"count":5,"href":"https:\/\/stanthonykc.org\/es\/wp-json\/wp\/v2\/pages\/7329\/revisions"}],"predecessor-version":[{"id":7456,"href":"https:\/\/stanthonykc.org\/es\/wp-json\/wp\/v2\/pages\/7329\/revisions\/7456"}],"wp:attachment":[{"href":"https:\/\/stanthonykc.org\/es\/wp-json\/wp\/v2\/media?parent=7329"}],"curies":[{"name":"wp","href":"https:\/\/api.w.org\/{rel}","templated":true}]}}