{"id":7324,"date":"2021-05-26T14:54:39","date_gmt":"2021-05-26T20:54:39","guid":{"rendered":"https:\/\/stanthonykc.org\/?page_id=7324"},"modified":"2025-05-16T10:54:00","modified_gmt":"2025-05-16T16:54:00","slug":"hall-rental-alquiler-de-salon","status":"publish","type":"page","link":"https:\/\/stanthonykc.org\/es\/hall-rental-alquiler-de-salon\/","title":{"rendered":"Hall Rental-Alquiler de Sal\u00f3n"},"content":{"rendered":"<div data-elementor-type=\"wp-page\" data-elementor-id=\"7324\" class=\"elementor elementor-7324\">\n\t\t\t\t\t\t<section class=\"elementor-section elementor-top-section elementor-element elementor-element-7846163 elementor-section-boxed elementor-section-height-default elementor-section-height-default\" data-id=\"7846163\" data-element_type=\"section\" data-e-type=\"section\">\n\t\t\t\t\t\t<div class=\"elementor-container elementor-column-gap-default\">\n\t\t\t\t\t<div class=\"elementor-column elementor-col-100 elementor-top-column elementor-element elementor-element-7c97876\" data-id=\"7c97876\" data-element_type=\"column\" data-e-type=\"column\">\n\t\t\t<div class=\"elementor-widget-wrap elementor-element-populated\">\n\t\t\t\t\t\t<div class=\"elementor-element elementor-element-286daa5 elementor-widget elementor-widget-heading\" data-id=\"286daa5\" data-element_type=\"widget\" data-e-type=\"widget\" data-widget_type=\"heading.default\">\n\t\t\t\t<div class=\"elementor-widget-container\">\n\t\t\t\t\t<h2 class=\"elementor-heading-title elementor-size-default\">Hall Rental - Aquiler de Sal\u00f3n<\/h2>\t\t\t\t<\/div>\n\t\t\t\t<\/div>\n\t\t\t\t\t<\/div>\n\t\t<\/div>\n\t\t\t\t\t<\/div>\n\t\t<\/section>\n\t\t\t\t<section class=\"elementor-section elementor-top-section elementor-element elementor-element-cbd46fd elementor-section-boxed elementor-section-height-default elementor-section-height-default\" data-id=\"cbd46fd\" data-element_type=\"section\" data-e-type=\"section\">\n\t\t\t\t\t\t<div class=\"elementor-container elementor-column-gap-default\">\n\t\t\t\t\t<div class=\"elementor-column elementor-col-50 elementor-top-column elementor-element elementor-element-89721a9\" data-id=\"89721a9\" data-element_type=\"column\" data-e-type=\"column\">\n\t\t\t<div class=\"elementor-widget-wrap elementor-element-populated\">\n\t\t\t\t\t\t<div class=\"elementor-element elementor-element-86cc881 elementor-widget elementor-widget-image\" data-id=\"86cc881\" data-element_type=\"widget\" data-e-type=\"widget\" data-widget_type=\"image.default\">\n\t\t\t\t<div class=\"elementor-widget-container\">\n\t\t\t\t\t\t\t\t\t\t\t\t\t\t\t<img loading=\"lazy\" decoding=\"async\" width=\"1024\" height=\"768\" src=\"https:\/\/stanthonykc.org\/wp-content\/uploads\/2021\/05\/st-joseph-hall-1024x768.jpeg\" class=\"attachment-large size-large wp-image-7355\" alt=\"\" srcset=\"https:\/\/stanthonykc.org\/wp-content\/uploads\/2021\/05\/st-joseph-hall-1024x768.jpeg 1024w, https:\/\/stanthonykc.org\/wp-content\/uploads\/2021\/05\/st-joseph-hall-300x225.jpeg 300w, https:\/\/stanthonykc.org\/wp-content\/uploads\/2021\/05\/st-joseph-hall-768x576.jpeg 768w, https:\/\/stanthonykc.org\/wp-content\/uploads\/2021\/05\/st-joseph-hall-1536x1152.jpeg 1536w, https:\/\/stanthonykc.org\/wp-content\/uploads\/2021\/05\/st-joseph-hall-16x12.jpeg 16w, https:\/\/stanthonykc.org\/wp-content\/uploads\/2021\/05\/st-joseph-hall.jpeg 1632w\" sizes=\"auto, (max-width: 1024px) 100vw, 1024px\" \/>\t\t\t\t\t\t\t\t\t\t\t\t\t\t\t<\/div>\n\t\t\t\t<\/div>\n\t\t\t\t<div class=\"elementor-element elementor-element-41ce869 elementor-widget elementor-widget-text-editor\" data-id=\"41ce869\" data-element_type=\"widget\" data-e-type=\"widget\" data-widget_type=\"text-editor.default\">\n\t\t\t\t<div class=\"elementor-widget-container\">\n\t\t\t\t\t\t\t\t\t<p>St. Joseph Hall &#8211; Sal\u00f3n de San Jos\u00e9<\/p>\t\t\t\t\t\t\t\t<\/div>\n\t\t\t\t<\/div>\n\t\t\t\t\t<\/div>\n\t\t<\/div>\n\t\t\t\t<div class=\"elementor-column elementor-col-50 elementor-top-column elementor-element elementor-element-0757ee8\" data-id=\"0757ee8\" data-element_type=\"column\" data-e-type=\"column\">\n\t\t\t<div class=\"elementor-widget-wrap elementor-element-populated\">\n\t\t\t\t\t\t<div class=\"elementor-element elementor-element-1f10d60 elementor-widget elementor-widget-image\" data-id=\"1f10d60\" data-element_type=\"widget\" data-e-type=\"widget\" data-widget_type=\"image.default\">\n\t\t\t\t<div class=\"elementor-widget-container\">\n\t\t\t\t\t\t\t\t\t\t\t\t\t\t\t<img loading=\"lazy\" decoding=\"async\" width=\"1024\" height=\"768\" src=\"https:\/\/stanthonykc.org\/wp-content\/uploads\/2021\/06\/gym-1-1024x768.jpg\" class=\"attachment-large size-large wp-image-7381\" alt=\"\" srcset=\"https:\/\/stanthonykc.org\/wp-content\/uploads\/2021\/06\/gym-1-1024x768.jpg 1024w, https:\/\/stanthonykc.org\/wp-content\/uploads\/2021\/06\/gym-1-300x225.jpg 300w, https:\/\/stanthonykc.org\/wp-content\/uploads\/2021\/06\/gym-1-768x576.jpg 768w, https:\/\/stanthonykc.org\/wp-content\/uploads\/2021\/06\/gym-1-1536x1152.jpg 1536w, https:\/\/stanthonykc.org\/wp-content\/uploads\/2021\/06\/gym-1-16x12.jpg 16w, https:\/\/stanthonykc.org\/wp-content\/uploads\/2021\/06\/gym-1.jpg 1632w\" sizes=\"auto, (max-width: 1024px) 100vw, 1024px\" \/>\t\t\t\t\t\t\t\t\t\t\t\t\t\t\t<\/div>\n\t\t\t\t<\/div>\n\t\t\t\t<div class=\"elementor-element elementor-element-d71eb87 elementor-widget elementor-widget-text-editor\" data-id=\"d71eb87\" data-element_type=\"widget\" data-e-type=\"widget\" data-widget_type=\"text-editor.default\">\n\t\t\t\t<div class=\"elementor-widget-container\">\n\t\t\t\t\t\t\t\t\t<p>Gym &#8211; Gimnasio<\/p>\t\t\t\t\t\t\t\t<\/div>\n\t\t\t\t<\/div>\n\t\t\t\t\t<\/div>\n\t\t<\/div>\n\t\t\t\t\t<\/div>\n\t\t<\/section>\n\t\t\t\t<section class=\"elementor-section elementor-top-section elementor-element elementor-element-a6cfbdd elementor-section-boxed elementor-section-height-default elementor-section-height-default\" data-id=\"a6cfbdd\" data-element_type=\"section\" data-e-type=\"section\">\n\t\t\t\t\t\t<div class=\"elementor-container elementor-column-gap-default\">\n\t\t\t\t\t<div class=\"elementor-column elementor-col-50 elementor-top-column elementor-element elementor-element-4b2cd83\" data-id=\"4b2cd83\" data-element_type=\"column\" data-e-type=\"column\">\n\t\t\t<div class=\"elementor-widget-wrap elementor-element-populated\">\n\t\t\t\t\t\t<div class=\"elementor-element elementor-element-9f6e81a elementor-widget elementor-widget-text-editor\" data-id=\"9f6e81a\" data-element_type=\"widget\" data-e-type=\"widget\" data-widget_type=\"text-editor.default\">\n\t\t\t\t<div class=\"elementor-widget-container\">\n\t\t\t\t\t\t\t\t\t<div id=\"elementor-tab-content-5638\" class=\"elementor-tab-content elementor-clearfix elementor-active\" role=\"tabpanel\" data-tab=\"8\" aria-labelledby=\"elementor-tab-title-5638\"><p><strong>PROCEDIMIENTO PARA RESERVAR EL SALON PARROQUIAL<\/strong><\/p><p>Cost of Renting a Parish Hall is $1,100 and the process to renting the hall are:<\/p><p>1-Comun\u00edquese con la oficina de la parroquia para ver si el sal\u00f3n parroquial est\u00e1 disponible.<\/p><p>2-Obtain, read and sign the Rental Agreement and purchase the insurance policy online, and bring proof of policy to the office. Security is a requirement for all events and must be purchased by renter.<\/p><p>3- Pay the <strong>$100.00 NON REFUNDABLE<\/strong> deposit.<\/p><p>4- Pay the remaining balance of the rent a week before the event plus the Damage Deposit.<\/p><p>5- One business day before the event, obtain\u00a0the code to the room.<\/p><p>6- Unlock both doors of the hall (in case of emergency)<\/p><p>7- Follow all policies during your event.<\/p><p>8-Once the inspection has been made and matters are found satisfactory, the reimbursement check for the Damage Deposit will be made. If matters are found to be unsatisfactory, part or all Damage Deposit will be retained.<\/p><\/div><p><strong>Contacto:<\/strong>\u00a0<a href=\"mailto:stanthonyoffice@stanthonykc.org\" target=\"_blank\" rel=\"noopener\">Laura Valencia<\/a>, Parish Secretary 816-430-4272<\/p>\t\t\t\t\t\t\t\t<\/div>\n\t\t\t\t<\/div>\n\t\t\t\t\t<\/div>\n\t\t<\/div>\n\t\t\t\t<div class=\"elementor-column elementor-col-50 elementor-top-column elementor-element elementor-element-0538cdd\" data-id=\"0538cdd\" data-element_type=\"column\" data-e-type=\"column\">\n\t\t\t<div class=\"elementor-widget-wrap elementor-element-populated\">\n\t\t\t\t\t\t<div class=\"elementor-element elementor-element-20e35c6 elementor-widget elementor-widget-text-editor\" data-id=\"20e35c6\" data-element_type=\"widget\" data-e-type=\"widget\" data-widget_type=\"text-editor.default\">\n\t\t\t\t<div class=\"elementor-widget-container\">\n\t\t\t\t\t\t\t\t\t<p><strong>PROCEDIMIENTO PARA RESERVAR EL SAL\u00d3N PARROQUIAL<\/strong><\/p><p>Costo de alquilar un sal\u00f3n parroquial, es $1,100. y los pasos para aquilar el sal\u00f3n son:\u00a0<\/p><p>1-Comun\u00edquese con la oficina parroquial para ver si el sal\u00f3n parroquial est\u00e1 disponible.<\/p><p>2-Obtenga, lea y firme el Contrato de Alquiler y compre la p\u00f3liza de seguro en l\u00ednea, y traiga prueba de la p\u00f3liza a la oficina. La seguridad es un requisito para todos los eventos y debe ser comprada por el arrendatario.<\/p><p>3- Paga el dep\u00f3sito<strong> NO REEMBOLSABLE de $100.00.<\/strong><\/p><p>4- Paga el saldo restante del alquiler una semana antes del evento m\u00e1s el dep\u00f3sito de da\u00f1os.<\/p><p>5- Un d\u00eda h\u00e1bil antes del evento, obtenga la llave de la sala.<\/p><p>6- Desbloquear ambas puertas del pasillo (en caso de emergencia)<\/p><p>7- Siga todas las pol\u00edticas durante su evento.<\/p><p>8-Una vez que se ha realizado la inspecci\u00f3n y se determina que los asuntos son satisfactorios, se realizar\u00e1 el cheque de reembolso del Dep\u00f3sito de Da\u00f1os. Si se determina que los asuntos no son satisfactorios, se retendr\u00e1 una parte o la totalidad del dep\u00f3sito por da\u00f1os.<\/p><p><strong>Contacto:<\/strong> <a href=\"mailto:stanthonyoffice@stanthonykc.org\">Laura Valencia<\/a>, Secretaria Parroquial 816-430-4272<\/p>\t\t\t\t\t\t\t\t<\/div>\n\t\t\t\t<\/div>\n\t\t\t\t\t<\/div>\n\t\t<\/div>\n\t\t\t\t\t<\/div>\n\t\t<\/section>\n\t\t\t\t<\/div>","protected":false},"excerpt":{"rendered":"<p>Hall Rental &#8211; Aquiler de Sal\u00f3n St. Joseph Hall &#8211; Sal\u00f3n de San Jos\u00e9 Gym &#8211; Gimnasio PROCEDURE TO RESERVE THE PARISH HALL Cost of Renting a Parish Hall is [&hellip;]<\/p>\n","protected":false},"author":2,"featured_media":0,"parent":0,"menu_order":0,"comment_status":"closed","ping_status":"closed","template":"","meta":{"nf_dc_page":"","site-sidebar-layout":"no-sidebar","site-content-layout":"page-builder","ast-site-content-layout":"default","site-content-style":"default","site-sidebar-style":"default","ast-global-header-display":"","ast-banner-title-visibility":"","ast-main-header-display":"","ast-hfb-above-header-display":"","ast-hfb-below-header-display":"","ast-hfb-mobile-header-display":"","site-post-title":"disabled","ast-breadcrumbs-content":"","ast-featured-img":"disabled","footer-sml-layout":"","ast-disable-related-posts":"","theme-transparent-header-meta":"default","adv-header-id-meta":"","stick-header-meta":"","header-above-stick-meta":"","header-main-stick-meta":"","header-below-stick-meta":"","astra-migrate-meta-layouts":"default","ast-page-background-enabled":"default","ast-page-background-meta":{"desktop":{"background-color":"","background-image":"","background-repeat":"repeat","background-position":"center center","background-size":"auto","background-attachment":"scroll","background-type":"","background-media":"","overlay-type":"","overlay-color":"","overlay-opacity":"","overlay-gradient":""},"tablet":{"background-color":"","background-image":"","background-repeat":"repeat","background-position":"center center","background-size":"auto","background-attachment":"scroll","background-type":"","background-media":"","overlay-type":"","overlay-color":"","overlay-opacity":"","overlay-gradient":""},"mobile":{"background-color":"","background-image":"","background-repeat":"repeat","background-position":"center center","background-size":"auto","background-attachment":"scroll","background-type":"","background-media":"","overlay-type":"","overlay-color":"","overlay-opacity":"","overlay-gradient":""}},"ast-content-background-meta":{"desktop":{"background-color":"var(--ast-global-color-5)","background-image":"","background-repeat":"repeat","background-position":"center center","background-size":"auto","background-attachment":"scroll","background-type":"","background-media":"","overlay-type":"","overlay-color":"","overlay-opacity":"","overlay-gradient":""},"tablet":{"background-color":"var(--ast-global-color-5)","background-image":"","background-repeat":"repeat","background-position":"center center","background-size":"auto","background-attachment":"scroll","background-type":"","background-media":"","overlay-type":"","overlay-color":"","overlay-opacity":"","overlay-gradient":""},"mobile":{"background-color":"var(--ast-global-color-5)","background-image":"","background-repeat":"repeat","background-position":"center center","background-size":"auto","background-attachment":"scroll","background-type":"","background-media":"","overlay-type":"","overlay-color":"","overlay-opacity":"","overlay-gradient":""}},"footnotes":""},"class_list":["post-7324","page","type-page","status-publish","hentry"],"_links":{"self":[{"href":"https:\/\/stanthonykc.org\/es\/wp-json\/wp\/v2\/pages\/7324","targetHints":{"allow":["GET"]}}],"collection":[{"href":"https:\/\/stanthonykc.org\/es\/wp-json\/wp\/v2\/pages"}],"about":[{"href":"https:\/\/stanthonykc.org\/es\/wp-json\/wp\/v2\/types\/page"}],"author":[{"embeddable":true,"href":"https:\/\/stanthonykc.org\/es\/wp-json\/wp\/v2\/users\/2"}],"replies":[{"embeddable":true,"href":"https:\/\/stanthonykc.org\/es\/wp-json\/wp\/v2\/comments?post=7324"}],"version-history":[{"count":5,"href":"https:\/\/stanthonykc.org\/es\/wp-json\/wp\/v2\/pages\/7324\/revisions"}],"predecessor-version":[{"id":9549,"href":"https:\/\/stanthonykc.org\/es\/wp-json\/wp\/v2\/pages\/7324\/revisions\/9549"}],"wp:attachment":[{"href":"https:\/\/stanthonykc.org\/es\/wp-json\/wp\/v2\/media?parent=7324"}],"curies":[{"name":"wp","href":"https:\/\/api.w.org\/{rel}","templated":true}]}}