{"id":7319,"date":"2021-05-26T14:48:34","date_gmt":"2021-05-26T20:48:34","guid":{"rendered":"https:\/\/stanthonykc.org\/?page_id=7319"},"modified":"2021-06-17T10:18:56","modified_gmt":"2021-06-17T16:18:56","slug":"funerals-funerales","status":"publish","type":"page","link":"https:\/\/stanthonykc.org\/es\/funerals-funerales\/","title":{"rendered":"Funerals-Funerales"},"content":{"rendered":"<div data-elementor-type=\"wp-page\" data-elementor-id=\"7319\" class=\"elementor elementor-7319\">\n\t\t\t\t\t\t<section class=\"elementor-section elementor-top-section elementor-element elementor-element-e1f3e05 elementor-section-boxed elementor-section-height-default elementor-section-height-default\" data-id=\"e1f3e05\" data-element_type=\"section\" data-e-type=\"section\">\n\t\t\t\t\t\t<div class=\"elementor-container elementor-column-gap-default\">\n\t\t\t\t\t<div class=\"elementor-column elementor-col-100 elementor-top-column elementor-element elementor-element-cc5f69a\" data-id=\"cc5f69a\" data-element_type=\"column\" data-e-type=\"column\">\n\t\t\t<div class=\"elementor-widget-wrap elementor-element-populated\">\n\t\t\t\t\t\t<div class=\"elementor-element elementor-element-97cf957 elementor-widget elementor-widget-heading\" data-id=\"97cf957\" data-element_type=\"widget\" data-e-type=\"widget\" data-widget_type=\"heading.default\">\n\t\t\t\t<div class=\"elementor-widget-container\">\n\t\t\t\t\t<h2 class=\"elementor-heading-title elementor-size-default\">Funerals - Funerales<\/h2>\t\t\t\t<\/div>\n\t\t\t\t<\/div>\n\t\t\t\t\t<\/div>\n\t\t<\/div>\n\t\t\t\t\t<\/div>\n\t\t<\/section>\n\t\t\t\t<section class=\"elementor-section elementor-top-section elementor-element elementor-element-42640a3 elementor-section-boxed elementor-section-height-default elementor-section-height-default\" data-id=\"42640a3\" data-element_type=\"section\" data-e-type=\"section\">\n\t\t\t\t\t\t<div class=\"elementor-container elementor-column-gap-default\">\n\t\t\t\t\t<div class=\"elementor-column elementor-col-100 elementor-top-column elementor-element elementor-element-4eda053\" data-id=\"4eda053\" data-element_type=\"column\" data-e-type=\"column\">\n\t\t\t<div class=\"elementor-widget-wrap elementor-element-populated\">\n\t\t\t\t\t\t<div class=\"elementor-element elementor-element-950a08e elementor-widget elementor-widget-image\" data-id=\"950a08e\" data-element_type=\"widget\" data-e-type=\"widget\" data-widget_type=\"image.default\">\n\t\t\t\t<div class=\"elementor-widget-container\">\n\t\t\t\t\t\t\t\t\t\t\t\t\t\t\t<img loading=\"lazy\" decoding=\"async\" width=\"300\" height=\"200\" src=\"https:\/\/stanthonykc.org\/wp-content\/uploads\/2021\/06\/funeral-300x200.jpg\" class=\"attachment-medium size-medium wp-image-7447\" alt=\"\" srcset=\"https:\/\/stanthonykc.org\/wp-content\/uploads\/2021\/06\/funeral-300x200.jpg 300w, https:\/\/stanthonykc.org\/wp-content\/uploads\/2021\/06\/funeral-16x12.jpg 16w, https:\/\/stanthonykc.org\/wp-content\/uploads\/2021\/06\/funeral.jpg 512w\" sizes=\"auto, (max-width: 300px) 100vw, 300px\" \/>\t\t\t\t\t\t\t\t\t\t\t\t\t\t\t<\/div>\n\t\t\t\t<\/div>\n\t\t\t\t\t<\/div>\n\t\t<\/div>\n\t\t\t\t\t<\/div>\n\t\t<\/section>\n\t\t\t\t<section class=\"elementor-section elementor-top-section elementor-element elementor-element-16adb03 elementor-section-boxed elementor-section-height-default elementor-section-height-default\" data-id=\"16adb03\" data-element_type=\"section\" data-e-type=\"section\">\n\t\t\t\t\t\t<div class=\"elementor-container elementor-column-gap-default\">\n\t\t\t\t\t<div class=\"elementor-column elementor-col-50 elementor-top-column elementor-element elementor-element-b59029d\" data-id=\"b59029d\" data-element_type=\"column\" data-e-type=\"column\">\n\t\t\t<div class=\"elementor-widget-wrap elementor-element-populated\">\n\t\t\t\t\t\t<div class=\"elementor-element elementor-element-07f0d38 elementor-widget elementor-widget-text-editor\" data-id=\"07f0d38\" data-element_type=\"widget\" data-e-type=\"widget\" data-widget_type=\"text-editor.default\">\n\t\t\t\t<div class=\"elementor-widget-container\">\n\t\t\t\t\t\t\t\t\t<div id=\"elementor-tab-content-5637\" class=\"elementor-tab-content elementor-clearfix elementor-active\" role=\"tabpanel\" data-tab=\"7\" aria-labelledby=\"elementor-tab-title-5637\"><p>Queridos hermanos y hermanas en Cristo,<\/p><p>Lamento mucho saber de la muerte en alguien de tu familia. En la Parroquia de San Antonio<br \/>Church, we will strive to give you our best pastoral care in this hour of difficulty.<\/p><p>Yo les ofrecer\u00e9 una buena gu\u00eda para los servicios. Cathy Hern\u00e1ndez en nuestra oficina le ayudar\u00e1 con la planeaci\u00f3n de la celebraci\u00f3n y a responder a sus preguntas sobre la m\u00fasica y los ministros en la iglesia para un funeral cristiano solemne y sincero.<\/p><p>Los parroquianos usualmente preguntan por la ofrenda apropiada a la Parroquia por estos servicios.<br \/>Esto es lo que los Parroquianos normalmente ofrecen:<\/p><p>St. Anthony Parish $300<\/p><p>This donation does not include the choir (Cantor \u2013 Organist)\u00a0<\/p><p>Dios les bendiga en este tiempo de dolor.<\/p><p>En Cristo,<\/p><p>Padre Andres Moreno, Parroco<\/p><p><strong>Contacto:<\/strong> <a href=\"cathy4sa@gmail.com\">Cathy Hernandez<\/a> 816-231-5445<\/p><\/div>\t\t\t\t\t\t\t\t<\/div>\n\t\t\t\t<\/div>\n\t\t\t\t\t<\/div>\n\t\t<\/div>\n\t\t\t\t<div class=\"elementor-column elementor-col-50 elementor-top-column elementor-element elementor-element-50ca53e\" data-id=\"50ca53e\" data-element_type=\"column\" data-e-type=\"column\">\n\t\t\t<div class=\"elementor-widget-wrap elementor-element-populated\">\n\t\t\t\t\t\t<div class=\"elementor-element elementor-element-b9f8645 elementor-widget elementor-widget-text-editor\" data-id=\"b9f8645\" data-element_type=\"widget\" data-e-type=\"widget\" data-widget_type=\"text-editor.default\">\n\t\t\t\t<div class=\"elementor-widget-container\">\n\t\t\t\t\t\t\t\t\t<p>Queridos hermanos y hermanas en Cristo,<\/p><p>Lamento mucho enterarme de una muerte en su familia. En San Antonio Iglesia Cat\u00f3lica,\u00a0nos esforzaremos por brindarte nuestro mejor cuidado pastoral en esta hora de dificultad.<\/p><p>Proporcionar\u00e9 liderazgo para los servicios. Cathy Hernandez en nuestra oficina lo ayudar\u00e1 con la planificaci\u00f3n de la celebraci\u00f3n y responder\u00e1 sus preguntas sobre m\u00fasica y ministerios en la iglesia para un funeral cristiano solemne y sincero.<\/p><p>Los feligreses a menudo preguntan sobre un regalo apropiado para la iglesia por estos servicios.<br \/>Esto es lo que normalmente ofrecen los feligreses:<\/p><p>Parroquia de San Antonio $300<\/p><p>Esta donaci\u00f3n no incluye el coro (Cantor &#8211; Organista)<\/p><p>Que Dios los bendiga en este momento de p\u00e9rdida.<\/p><p>En Cristo,<\/p><p>P. Andr\u00e9s Moreno, Pastor<\/p><p><strong>Contacto:<\/strong> <a href=\"cathy4sa@gmail.com\">Cathy Hernandez<\/a> 816-231-5445<\/p>\t\t\t\t\t\t\t\t<\/div>\n\t\t\t\t<\/div>\n\t\t\t\t\t<\/div>\n\t\t<\/div>\n\t\t\t\t\t<\/div>\n\t\t<\/section>\n\t\t\t\t<\/div>","protected":false},"excerpt":{"rendered":"<p>Funerals &#8211; Funerales Dear brothers and sisters in Christ, I am very sorry to learn of a death in your family. At St. Anthony CatholicChurch, we will strive to give [&hellip;]<\/p>\n","protected":false},"author":2,"featured_media":0,"parent":0,"menu_order":0,"comment_status":"closed","ping_status":"closed","template":"","meta":{"nf_dc_page":"","site-sidebar-layout":"no-sidebar","site-content-layout":"page-builder","ast-site-content-layout":"default","site-content-style":"default","site-sidebar-style":"default","ast-global-header-display":"","ast-banner-title-visibility":"","ast-main-header-display":"","ast-hfb-above-header-display":"","ast-hfb-below-header-display":"","ast-hfb-mobile-header-display":"","site-post-title":"disabled","ast-breadcrumbs-content":"","ast-featured-img":"disabled","footer-sml-layout":"","ast-disable-related-posts":"","theme-transparent-header-meta":"default","adv-header-id-meta":"","stick-header-meta":"","header-above-stick-meta":"","header-main-stick-meta":"","header-below-stick-meta":"","astra-migrate-meta-layouts":"default","ast-page-background-enabled":"default","ast-page-background-meta":{"desktop":{"background-color":"","background-image":"","background-repeat":"repeat","background-position":"center center","background-size":"auto","background-attachment":"scroll","background-type":"","background-media":"","overlay-type":"","overlay-color":"","overlay-opacity":"","overlay-gradient":""},"tablet":{"background-color":"","background-image":"","background-repeat":"repeat","background-position":"center center","background-size":"auto","background-attachment":"scroll","background-type":"","background-media":"","overlay-type":"","overlay-color":"","overlay-opacity":"","overlay-gradient":""},"mobile":{"background-color":"","background-image":"","background-repeat":"repeat","background-position":"center center","background-size":"auto","background-attachment":"scroll","background-type":"","background-media":"","overlay-type":"","overlay-color":"","overlay-opacity":"","overlay-gradient":""}},"ast-content-background-meta":{"desktop":{"background-color":"var(--ast-global-color-5)","background-image":"","background-repeat":"repeat","background-position":"center center","background-size":"auto","background-attachment":"scroll","background-type":"","background-media":"","overlay-type":"","overlay-color":"","overlay-opacity":"","overlay-gradient":""},"tablet":{"background-color":"var(--ast-global-color-5)","background-image":"","background-repeat":"repeat","background-position":"center center","background-size":"auto","background-attachment":"scroll","background-type":"","background-media":"","overlay-type":"","overlay-color":"","overlay-opacity":"","overlay-gradient":""},"mobile":{"background-color":"var(--ast-global-color-5)","background-image":"","background-repeat":"repeat","background-position":"center center","background-size":"auto","background-attachment":"scroll","background-type":"","background-media":"","overlay-type":"","overlay-color":"","overlay-opacity":"","overlay-gradient":""}},"footnotes":""},"class_list":["post-7319","page","type-page","status-publish","hentry"],"_links":{"self":[{"href":"https:\/\/stanthonykc.org\/es\/wp-json\/wp\/v2\/pages\/7319","targetHints":{"allow":["GET"]}}],"collection":[{"href":"https:\/\/stanthonykc.org\/es\/wp-json\/wp\/v2\/pages"}],"about":[{"href":"https:\/\/stanthonykc.org\/es\/wp-json\/wp\/v2\/types\/page"}],"author":[{"embeddable":true,"href":"https:\/\/stanthonykc.org\/es\/wp-json\/wp\/v2\/users\/2"}],"replies":[{"embeddable":true,"href":"https:\/\/stanthonykc.org\/es\/wp-json\/wp\/v2\/comments?post=7319"}],"version-history":[{"count":5,"href":"https:\/\/stanthonykc.org\/es\/wp-json\/wp\/v2\/pages\/7319\/revisions"}],"predecessor-version":[{"id":7450,"href":"https:\/\/stanthonykc.org\/es\/wp-json\/wp\/v2\/pages\/7319\/revisions\/7450"}],"wp:attachment":[{"href":"https:\/\/stanthonykc.org\/es\/wp-json\/wp\/v2\/media?parent=7319"}],"curies":[{"name":"wp","href":"https:\/\/api.w.org\/{rel}","templated":true}]}}