{"id":7314,"date":"2021-05-26T14:39:49","date_gmt":"2021-05-26T20:39:49","guid":{"rendered":"https:\/\/stanthonykc.org\/?page_id=7314"},"modified":"2021-06-17T10:11:34","modified_gmt":"2021-06-17T16:11:34","slug":"quinceaneras","status":"publish","type":"page","link":"https:\/\/stanthonykc.org\/es\/quinceaneras\/","title":{"rendered":"Quincea\u00f1eras"},"content":{"rendered":"<div data-elementor-type=\"wp-page\" data-elementor-id=\"7314\" class=\"elementor elementor-7314\">\n\t\t\t\t\t\t<section class=\"elementor-section elementor-top-section elementor-element elementor-element-e8a91d6 elementor-section-boxed elementor-section-height-default elementor-section-height-default\" data-id=\"e8a91d6\" data-element_type=\"section\" data-e-type=\"section\">\n\t\t\t\t\t\t<div class=\"elementor-container elementor-column-gap-default\">\n\t\t\t\t\t<div class=\"elementor-column elementor-col-100 elementor-top-column elementor-element elementor-element-f310273\" data-id=\"f310273\" data-element_type=\"column\" data-e-type=\"column\">\n\t\t\t<div class=\"elementor-widget-wrap elementor-element-populated\">\n\t\t\t\t\t\t<div class=\"elementor-element elementor-element-3a22c04 elementor-widget elementor-widget-heading\" data-id=\"3a22c04\" data-element_type=\"widget\" data-e-type=\"widget\" data-widget_type=\"heading.default\">\n\t\t\t\t<div class=\"elementor-widget-container\">\n\t\t\t\t\t<h2 class=\"elementor-heading-title elementor-size-default\">Quincea\u00f1eras<\/h2>\t\t\t\t<\/div>\n\t\t\t\t<\/div>\n\t\t\t\t\t<\/div>\n\t\t<\/div>\n\t\t\t\t\t<\/div>\n\t\t<\/section>\n\t\t\t\t<section class=\"elementor-section elementor-top-section elementor-element elementor-element-59fead2 elementor-section-boxed elementor-section-height-default elementor-section-height-default\" data-id=\"59fead2\" data-element_type=\"section\" data-e-type=\"section\">\n\t\t\t\t\t\t<div class=\"elementor-container elementor-column-gap-default\">\n\t\t\t\t\t<div class=\"elementor-column elementor-col-100 elementor-top-column elementor-element elementor-element-3b4bf6b\" data-id=\"3b4bf6b\" data-element_type=\"column\" data-e-type=\"column\">\n\t\t\t<div class=\"elementor-widget-wrap elementor-element-populated\">\n\t\t\t\t\t\t<div class=\"elementor-element elementor-element-7574c09 elementor-widget elementor-widget-image\" data-id=\"7574c09\" data-element_type=\"widget\" data-e-type=\"widget\" data-widget_type=\"image.default\">\n\t\t\t\t<div class=\"elementor-widget-container\">\n\t\t\t\t\t\t\t\t\t\t\t\t\t\t\t<img loading=\"lazy\" decoding=\"async\" width=\"300\" height=\"196\" src=\"https:\/\/stanthonykc.org\/wp-content\/uploads\/2021\/05\/quince-300x196.png\" class=\"attachment-medium size-medium wp-image-7349\" alt=\"\" srcset=\"https:\/\/stanthonykc.org\/wp-content\/uploads\/2021\/05\/quince-300x196.png 300w, https:\/\/stanthonykc.org\/wp-content\/uploads\/2021\/05\/quince-768x501.png 768w, https:\/\/stanthonykc.org\/wp-content\/uploads\/2021\/05\/quince-16x10.png 16w, https:\/\/stanthonykc.org\/wp-content\/uploads\/2021\/05\/quince.png 859w\" sizes=\"auto, (max-width: 300px) 100vw, 300px\" \/>\t\t\t\t\t\t\t\t\t\t\t\t\t\t\t<\/div>\n\t\t\t\t<\/div>\n\t\t\t\t\t<\/div>\n\t\t<\/div>\n\t\t\t\t\t<\/div>\n\t\t<\/section>\n\t\t\t\t<section class=\"elementor-section elementor-top-section elementor-element elementor-element-86bc61c elementor-section-boxed elementor-section-height-default elementor-section-height-default\" data-id=\"86bc61c\" data-element_type=\"section\" data-e-type=\"section\">\n\t\t\t\t\t\t<div class=\"elementor-container elementor-column-gap-default\">\n\t\t\t\t\t<div class=\"elementor-column elementor-col-50 elementor-top-column elementor-element elementor-element-8d950c6\" data-id=\"8d950c6\" data-element_type=\"column\" data-e-type=\"column\">\n\t\t\t<div class=\"elementor-widget-wrap elementor-element-populated\">\n\t\t\t\t\t\t<div class=\"elementor-element elementor-element-9015e4b elementor-widget elementor-widget-text-editor\" data-id=\"9015e4b\" data-element_type=\"widget\" data-e-type=\"widget\" data-widget_type=\"text-editor.default\">\n\t\t\t\t<div class=\"elementor-widget-container\">\n\t\t\t\t\t\t\t\t\t<div id=\"elementor-tab-content-5636\" class=\"elementor-tab-content elementor-clearfix elementor-active\" role=\"tabpanel\" data-tab=\"6\" aria-labelledby=\"elementor-tab-title-5636\"><p><strong>Para celebrar una Quincea\u00f1era en St. Anthony, los siguientes requisitos deben ser <\/strong><strong>los siguientes:<\/strong><\/p><ol><li>La fecha de la quincea\u00f1era debe ser solicitada un a\u00f1o antes de la celebraci\u00f3n.<\/li><li class=\" translation-block\">La quincea\u00f1era deber\u00eda haber recibido los sacramentos del bautismo, primera comuni\u00f3n.<\/li><li>The quincea\u00f1era should present a copy of her Baptismal and First Communion Certificate<\/li><li>\u00a0La quincea\u00f1era debe asistir a 4 clases de preparaci\u00f3n en St. Anthony.<\/li><li>We ask for a non-refundable deposit of $100.00 to reserve the date that is put towards the total offering of the celebration.<\/li><li>The offering for the celebration is $600.00 \u2013 (The Choir is not included in this offering)\u00a0<\/li><\/ol><p><strong>Contacto:<\/strong> Patricia Nu\u00f1ez 816-745-2502<\/p><\/div>\t\t\t\t\t\t\t\t<\/div>\n\t\t\t\t<\/div>\n\t\t\t\t\t<\/div>\n\t\t<\/div>\n\t\t\t\t<div class=\"elementor-column elementor-col-50 elementor-top-column elementor-element elementor-element-45c4809\" data-id=\"45c4809\" data-element_type=\"column\" data-e-type=\"column\">\n\t\t\t<div class=\"elementor-widget-wrap elementor-element-populated\">\n\t\t\t\t\t\t<div class=\"elementor-element elementor-element-af6e6ef elementor-widget elementor-widget-text-editor\" data-id=\"af6e6ef\" data-element_type=\"widget\" data-e-type=\"widget\" data-widget_type=\"text-editor.default\">\n\t\t\t\t<div class=\"elementor-widget-container\">\n\t\t\t\t\t\t\t\t\t<p><strong>Para celebrar una Quincea\u00f1era en San Antonio, se deben cumplir los siguientes requisitos:<\/strong><\/p><ol><li>La fecha de la quincea\u00f1era debe solicitarse un a\u00f1o antes de la celebraci\u00f3n.<\/li><li>La quincea\u00f1era deber\u00eda haber recibido los sacramentos del Bautismo, Primero<br \/>Comuni\u00f3n.<\/li><li>\u00a0La quincea\u00f1era debe presentar una copia de su Certificado de Bautismal y Primera Comuni\u00f3n.\u00a0 \u00a0<\/li><li>\u00a0La quincea\u00f1era debe asistir a 4 clases de preparaci\u00f3n en San Antonio.<\/li><li>\u00a0Solicitamos un dep\u00f3sito no reembolsable de $100.00 para reservar la fecha que se pone para la ofrenda total de la celebraci\u00f3n.<\/li><li>La ofrenda para la celebraci\u00f3n es de $ 600.00 &#8211; (El Coro no est\u00e1 incluido en esta ofrenda)<\/li><\/ol><p><strong>Contacto:<\/strong> Patricia Nu\u00f1ez 816-745-2502<\/p>\t\t\t\t\t\t\t\t<\/div>\n\t\t\t\t<\/div>\n\t\t\t\t\t<\/div>\n\t\t<\/div>\n\t\t\t\t\t<\/div>\n\t\t<\/section>\n\t\t\t\t<\/div>","protected":false},"excerpt":{"rendered":"<p>Quincea\u00f1eras In order to celebrate a Quincea\u00f1era at St. Anthony\u2019s the following requirements must be met: The quincea\u00f1era date must be requested a year in advance of celebration. The quincea\u00f1era [&hellip;]<\/p>\n","protected":false},"author":2,"featured_media":0,"parent":0,"menu_order":0,"comment_status":"closed","ping_status":"closed","template":"","meta":{"nf_dc_page":"","site-sidebar-layout":"no-sidebar","site-content-layout":"page-builder","ast-site-content-layout":"default","site-content-style":"default","site-sidebar-style":"default","ast-global-header-display":"","ast-banner-title-visibility":"","ast-main-header-display":"","ast-hfb-above-header-display":"","ast-hfb-below-header-display":"","ast-hfb-mobile-header-display":"","site-post-title":"disabled","ast-breadcrumbs-content":"","ast-featured-img":"disabled","footer-sml-layout":"","ast-disable-related-posts":"","theme-transparent-header-meta":"default","adv-header-id-meta":"","stick-header-meta":"","header-above-stick-meta":"","header-main-stick-meta":"","header-below-stick-meta":"","astra-migrate-meta-layouts":"default","ast-page-background-enabled":"default","ast-page-background-meta":{"desktop":{"background-color":"","background-image":"","background-repeat":"repeat","background-position":"center center","background-size":"auto","background-attachment":"scroll","background-type":"","background-media":"","overlay-type":"","overlay-color":"","overlay-opacity":"","overlay-gradient":""},"tablet":{"background-color":"","background-image":"","background-repeat":"repeat","background-position":"center center","background-size":"auto","background-attachment":"scroll","background-type":"","background-media":"","overlay-type":"","overlay-color":"","overlay-opacity":"","overlay-gradient":""},"mobile":{"background-color":"","background-image":"","background-repeat":"repeat","background-position":"center center","background-size":"auto","background-attachment":"scroll","background-type":"","background-media":"","overlay-type":"","overlay-color":"","overlay-opacity":"","overlay-gradient":""}},"ast-content-background-meta":{"desktop":{"background-color":"var(--ast-global-color-5)","background-image":"","background-repeat":"repeat","background-position":"center center","background-size":"auto","background-attachment":"scroll","background-type":"","background-media":"","overlay-type":"","overlay-color":"","overlay-opacity":"","overlay-gradient":""},"tablet":{"background-color":"var(--ast-global-color-5)","background-image":"","background-repeat":"repeat","background-position":"center center","background-size":"auto","background-attachment":"scroll","background-type":"","background-media":"","overlay-type":"","overlay-color":"","overlay-opacity":"","overlay-gradient":""},"mobile":{"background-color":"var(--ast-global-color-5)","background-image":"","background-repeat":"repeat","background-position":"center center","background-size":"auto","background-attachment":"scroll","background-type":"","background-media":"","overlay-type":"","overlay-color":"","overlay-opacity":"","overlay-gradient":""}},"footnotes":""},"class_list":["post-7314","page","type-page","status-publish","hentry"],"_links":{"self":[{"href":"https:\/\/stanthonykc.org\/es\/wp-json\/wp\/v2\/pages\/7314","targetHints":{"allow":["GET"]}}],"collection":[{"href":"https:\/\/stanthonykc.org\/es\/wp-json\/wp\/v2\/pages"}],"about":[{"href":"https:\/\/stanthonykc.org\/es\/wp-json\/wp\/v2\/types\/page"}],"author":[{"embeddable":true,"href":"https:\/\/stanthonykc.org\/es\/wp-json\/wp\/v2\/users\/2"}],"replies":[{"embeddable":true,"href":"https:\/\/stanthonykc.org\/es\/wp-json\/wp\/v2\/comments?post=7314"}],"version-history":[{"count":5,"href":"https:\/\/stanthonykc.org\/es\/wp-json\/wp\/v2\/pages\/7314\/revisions"}],"predecessor-version":[{"id":7437,"href":"https:\/\/stanthonykc.org\/es\/wp-json\/wp\/v2\/pages\/7314\/revisions\/7437"}],"wp:attachment":[{"href":"https:\/\/stanthonykc.org\/es\/wp-json\/wp\/v2\/media?parent=7314"}],"curies":[{"name":"wp","href":"https:\/\/api.w.org\/{rel}","templated":true}]}}