{"id":7306,"date":"2021-05-26T14:29:27","date_gmt":"2021-05-26T20:29:27","guid":{"rendered":"https:\/\/stanthonykc.org\/?page_id=7306"},"modified":"2025-06-13T15:09:17","modified_gmt":"2025-06-13T21:09:17","slug":"marriage-matrimonio","status":"publish","type":"page","link":"https:\/\/stanthonykc.org\/es\/marriage-matrimonio\/","title":{"rendered":"Marriage-Matrimonio"},"content":{"rendered":"<div data-elementor-type=\"wp-page\" data-elementor-id=\"7306\" class=\"elementor elementor-7306\">\n\t\t\t\t\t\t<section class=\"elementor-section elementor-top-section elementor-element elementor-element-1b706a0 elementor-section-boxed elementor-section-height-default elementor-section-height-default\" data-id=\"1b706a0\" data-element_type=\"section\" data-e-type=\"section\">\n\t\t\t\t\t\t<div class=\"elementor-container elementor-column-gap-default\">\n\t\t\t\t\t<div class=\"elementor-column elementor-col-100 elementor-top-column elementor-element elementor-element-0297a89\" data-id=\"0297a89\" data-element_type=\"column\" data-e-type=\"column\">\n\t\t\t<div class=\"elementor-widget-wrap elementor-element-populated\">\n\t\t\t\t\t\t<div class=\"elementor-element elementor-element-fcf751c elementor-widget elementor-widget-heading\" data-id=\"fcf751c\" data-element_type=\"widget\" data-e-type=\"widget\" data-widget_type=\"heading.default\">\n\t\t\t\t<div class=\"elementor-widget-container\">\n\t\t\t\t\t<h2 class=\"elementor-heading-title elementor-size-default\">Marriage - Matrimonio<\/h2>\t\t\t\t<\/div>\n\t\t\t\t<\/div>\n\t\t\t\t\t<\/div>\n\t\t<\/div>\n\t\t\t\t\t<\/div>\n\t\t<\/section>\n\t\t\t\t<section class=\"elementor-section elementor-top-section elementor-element elementor-element-b25e7c9 elementor-section-boxed elementor-section-height-default elementor-section-height-default\" data-id=\"b25e7c9\" data-element_type=\"section\" data-e-type=\"section\">\n\t\t\t\t\t\t<div class=\"elementor-container elementor-column-gap-default\">\n\t\t\t\t\t<div class=\"elementor-column elementor-col-100 elementor-top-column elementor-element elementor-element-6f71ea4\" data-id=\"6f71ea4\" data-element_type=\"column\" data-e-type=\"column\">\n\t\t\t<div class=\"elementor-widget-wrap elementor-element-populated\">\n\t\t\t\t\t\t<div class=\"elementor-element elementor-element-a448991 elementor-widget__width-initial elementor-widget elementor-widget-image\" data-id=\"a448991\" data-element_type=\"widget\" data-e-type=\"widget\" data-widget_type=\"image.default\">\n\t\t\t\t<div class=\"elementor-widget-container\">\n\t\t\t\t\t\t\t\t\t\t\t\t\t\t\t<img loading=\"lazy\" decoding=\"async\" width=\"300\" height=\"200\" src=\"https:\/\/stanthonykc.org\/wp-content\/uploads\/2021\/05\/marriagephoto-300x200.jpg\" class=\"attachment-medium size-medium wp-image-7345\" alt=\"\" srcset=\"https:\/\/stanthonykc.org\/wp-content\/uploads\/2021\/05\/marriagephoto-300x200.jpg 300w, https:\/\/stanthonykc.org\/wp-content\/uploads\/2021\/05\/marriagephoto-1024x683.jpg 1024w, https:\/\/stanthonykc.org\/wp-content\/uploads\/2021\/05\/marriagephoto-768x512.jpg 768w, https:\/\/stanthonykc.org\/wp-content\/uploads\/2021\/05\/marriagephoto-16x12.jpg 16w, https:\/\/stanthonykc.org\/wp-content\/uploads\/2021\/05\/marriagephoto.jpg 1350w\" sizes=\"auto, (max-width: 300px) 100vw, 300px\" \/>\t\t\t\t\t\t\t\t\t\t\t\t\t\t\t<\/div>\n\t\t\t\t<\/div>\n\t\t\t\t<div class=\"elementor-element elementor-element-a1223b5 elementor-widget__width-initial elementor-widget elementor-widget-image\" data-id=\"a1223b5\" data-element_type=\"widget\" data-e-type=\"widget\" data-widget_type=\"image.default\">\n\t\t\t\t<div class=\"elementor-widget-container\">\n\t\t\t\t\t\t\t\t\t\t\t\t\t\t\t<img loading=\"lazy\" decoding=\"async\" width=\"768\" height=\"320\" src=\"https:\/\/stanthonykc.org\/wp-content\/uploads\/2025\/06\/4-768x320.jpg\" class=\"attachment-medium_large size-medium_large wp-image-9585\" alt=\"\" srcset=\"https:\/\/stanthonykc.org\/wp-content\/uploads\/2025\/06\/4-768x320.jpg 768w, https:\/\/stanthonykc.org\/wp-content\/uploads\/2025\/06\/4-300x125.jpg 300w, https:\/\/stanthonykc.org\/wp-content\/uploads\/2025\/06\/4-1024x426.jpg 1024w, https:\/\/stanthonykc.org\/wp-content\/uploads\/2025\/06\/4-1536x639.jpg 1536w, https:\/\/stanthonykc.org\/wp-content\/uploads\/2025\/06\/4-18x7.jpg 18w, https:\/\/stanthonykc.org\/wp-content\/uploads\/2025\/06\/4.jpg 1600w\" sizes=\"auto, (max-width: 768px) 100vw, 768px\" \/>\t\t\t\t\t\t\t\t\t\t\t\t\t\t\t<\/div>\n\t\t\t\t<\/div>\n\t\t\t\t\t<\/div>\n\t\t<\/div>\n\t\t\t\t\t<\/div>\n\t\t<\/section>\n\t\t\t\t<section class=\"elementor-section elementor-top-section elementor-element elementor-element-ff770a4 elementor-section-boxed elementor-section-height-default elementor-section-height-default\" data-id=\"ff770a4\" data-element_type=\"section\" data-e-type=\"section\">\n\t\t\t\t\t\t<div class=\"elementor-container elementor-column-gap-default\">\n\t\t\t\t\t<div class=\"elementor-column elementor-col-50 elementor-top-column elementor-element elementor-element-65e715e\" data-id=\"65e715e\" data-element_type=\"column\" data-e-type=\"column\">\n\t\t\t<div class=\"elementor-widget-wrap elementor-element-populated\">\n\t\t\t\t\t\t<div class=\"elementor-element elementor-element-8a25dce elementor-widget elementor-widget-text-editor\" data-id=\"8a25dce\" data-element_type=\"widget\" data-e-type=\"widget\" data-widget_type=\"text-editor.default\">\n\t\t\t\t<div class=\"elementor-widget-container\">\n\t\t\t\t\t\t\t\t\t<div role=\"tabpanel\" data-tab=\"5\" aria-labelledby=\"elementor-tab-title-5635\"><h4><strong>Requisitos para el sacramento del matrimonio<\/strong><\/h4><p>\u00a1Felicidades por tu compromiso! Las ceremonias de Matrimonio cat\u00f3lico se pueden organizar en la Iglesia de San Antonio.<\/p><p>Si el Novio, o la Novia, o los dos,  son miembros de la Parroquia de San Antonio, cont\u00e1ctese con el Padre Andr\u00e9s un a\u00f1o antes de la ceremonia para comenzar la preparaci\u00f3n matrimonial.<\/p><p>\u27a2 For registered parishioners, a donation of $800 is asked for the wedding. Choir is not included in this offering; it is separate.\u00a0<\/p><p>\u27a2 Si la novia o el novio NO son miembros, pero a la pareja le gustar\u00eda usar la Iglesia de San Antonio para la boda, esto es lo que pedimos:<\/p><p>\u27a2 Complete la preparaci\u00f3n para el matrimonio con la parroquia cat\u00f3lica de la novia o el novio, y complete todos los tr\u00e1mites can\u00f3nicos all\u00ed.<\/p><p>\u27a2 Llame al Padre Andr\u00e9s para solicitar permiso de programar la boda en esta Parroquia.<\/p><p>\u27a2 Schedule a date with Fr. Andres&#8217; help<\/p><p>\u27a2 We ask for a non-refundable deposit\u00a0<span style=\"font-size: 15px; font-style: normal; font-weight: 400;\">of $100.00<\/span><span style=\"font-size: 15px;\">\u00a0to reserve the date.<\/span><\/p><p>\u27a2 Offer $1,400 to St. Anthony\u2019s for the use of the church. Choir is not included, it is separate.\u00a0<\/p><p>\u27a2 Couples may arrange for their own priest or deacon to preside for the wedding. Or arrangements can be made for one of our clergy to perform the ceremony. Couples are responsible for the priest\u2019s stipend.<\/p><p><span style=\"font-size: 15px; font-style: normal; font-weight: 400;\">\u27a2NO Wedding Coordinators Are Allowed.<\/span><\/p><p>\u27a2 Si solo desea la PREPARACI\u00d3N para el matrimonio aqu\u00ed en la Parroquia, pero no la boda, le pedimos una donaci\u00f3n de $ 80.<\/p><p><strong> Contacto:<\/strong> <a href=\"mailto:frandres@stanthonykc.org\">Fr. Andres<\/a> 816-430-4271, in the office Tuesday-Friday<\/p><\/div>\t\t\t\t\t\t\t\t<\/div>\n\t\t\t\t<\/div>\n\t\t\t\t\t<\/div>\n\t\t<\/div>\n\t\t\t\t<div class=\"elementor-column elementor-col-50 elementor-top-column elementor-element elementor-element-9ef2400\" data-id=\"9ef2400\" data-element_type=\"column\" data-e-type=\"column\">\n\t\t\t<div class=\"elementor-widget-wrap elementor-element-populated\">\n\t\t\t\t\t\t<div class=\"elementor-element elementor-element-daab239 elementor-widget elementor-widget-text-editor\" data-id=\"daab239\" data-element_type=\"widget\" data-e-type=\"widget\" data-widget_type=\"text-editor.default\">\n\t\t\t\t<div class=\"elementor-widget-container\">\n\t\t\t\t\t\t\t\t\t<h4><strong>Requisitos para el sacramento del matrimonio<\/strong><\/h4><p>\u00a1Felicidades por tu compromiso! Se pueden organizar ceremonias de boda cat\u00f3lica en la iglesia de San Antonio.<\/p><p>Si uno o ambos novios son miembros de la parroquia de San Antonio, comun\u00edquese con el P. Andr\u00e9s un a\u00f1o antes de la ceremonia para comenzar la preparaci\u00f3n del matrimonio.<\/p><p>\u27a2 Para los feligreses registrados, se solicita una donaci\u00f3n de $800 para la boda. El coro no est\u00e1 incluido en esta ofrenda; es aparte.<\/p><p>\u27a2 Si ni la novia ni el novio son miembros, pero a la pareja le gustar\u00eda usar la Iglesia de San Antonio para la boda, esto es lo que pedimos:<\/p><p>\u27a2 Complete la preparaci\u00f3n del matrimonio con la parroquia cat\u00f3lica de la novia o el novio, y complete todos los tr\u00e1mites can\u00f3nicos all\u00ed.<\/p><p>\u27a2 Haga que el p\u00e1rroco o representante de la parroquia se comunique con el P. Andr\u00e9s para dale permiso de programar una boda aqu\u00ed.<\/p><p>\u27a2 Programe una fecha con la ayuda de P. Andr\u00e9s.<\/p><p>\u27a2 Solicitamos un dep\u00f3sito no reembolsable<span style=\"font-size: 15px; font-style: normal; font-weight: 400;\">\u00a0<\/span><span style=\"font-size: 15px; font-style: normal; font-weight: 400;\">de $100.00<\/span><span style=\"font-size: 15px;\">\u00a0para reservar la fecha.<\/span><\/p><p>\u27a2 Ofrezca $1,400 a la Parroquia de San Antonio para el uso de la iglesia. El coro no est\u00e1 incluido\u00a0<span style=\"font-size: 15px; font-style: normal; font-weight: 400;\">en esta ofrenda; es aparte.<\/span><\/p><p>\u27a2 Las parejas pueden hacer arreglos para que su propio sacerdote o di\u00e1cono presida la boda. O se pueden hacer arreglos para que uno de nuestros cl\u00e9rigos realice la ceremonia. Las parejas son responsables del estipendio del sacerdote.<\/p><p><span style=\"font-size: 15px; font-style: normal; font-weight: 400;\">\u27a2No Es Permitido Coordinadoras de Boda<\/span><\/p><p>\u27a2 Si solo desea la preparaci\u00f3n para el matrimonio en San Antonio, pero no la boda, le pedimos una donaci\u00f3n de $ 80.<\/p><p><strong>Contacto:<\/strong> <a href=\"mailto:frandres@stanthonykc.org\">P. Andr\u00e9s<\/a> 816-430-4271, en la oficina martes-viernes<\/p>\t\t\t\t\t\t\t\t<\/div>\n\t\t\t\t<\/div>\n\t\t\t\t\t<\/div>\n\t\t<\/div>\n\t\t\t\t\t<\/div>\n\t\t<\/section>\n\t\t\t\t<\/div>","protected":false},"excerpt":{"rendered":"<p>Marriage &#8211; Matrimonio Requirements for the Sacrament of Marriage Congratulations on your engagement! Catholic wedding ceremonies can be arranged at St. Anthony\u2019s Church. If one or both partners are members [&hellip;]<\/p>\n","protected":false},"author":2,"featured_media":0,"parent":0,"menu_order":0,"comment_status":"closed","ping_status":"closed","template":"","meta":{"nf_dc_page":"","site-sidebar-layout":"no-sidebar","site-content-layout":"page-builder","ast-site-content-layout":"default","site-content-style":"default","site-sidebar-style":"default","ast-global-header-display":"","ast-banner-title-visibility":"","ast-main-header-display":"","ast-hfb-above-header-display":"","ast-hfb-below-header-display":"","ast-hfb-mobile-header-display":"","site-post-title":"disabled","ast-breadcrumbs-content":"","ast-featured-img":"disabled","footer-sml-layout":"","ast-disable-related-posts":"","theme-transparent-header-meta":"default","adv-header-id-meta":"","stick-header-meta":"","header-above-stick-meta":"","header-main-stick-meta":"","header-below-stick-meta":"","astra-migrate-meta-layouts":"default","ast-page-background-enabled":"default","ast-page-background-meta":{"desktop":{"background-color":"","background-image":"","background-repeat":"repeat","background-position":"center center","background-size":"auto","background-attachment":"scroll","background-type":"","background-media":"","overlay-type":"","overlay-color":"","overlay-opacity":"","overlay-gradient":""},"tablet":{"background-color":"","background-image":"","background-repeat":"repeat","background-position":"center center","background-size":"auto","background-attachment":"scroll","background-type":"","background-media":"","overlay-type":"","overlay-color":"","overlay-opacity":"","overlay-gradient":""},"mobile":{"background-color":"","background-image":"","background-repeat":"repeat","background-position":"center center","background-size":"auto","background-attachment":"scroll","background-type":"","background-media":"","overlay-type":"","overlay-color":"","overlay-opacity":"","overlay-gradient":""}},"ast-content-background-meta":{"desktop":{"background-color":"var(--ast-global-color-5)","background-image":"","background-repeat":"repeat","background-position":"center center","background-size":"auto","background-attachment":"scroll","background-type":"","background-media":"","overlay-type":"","overlay-color":"","overlay-opacity":"","overlay-gradient":""},"tablet":{"background-color":"var(--ast-global-color-5)","background-image":"","background-repeat":"repeat","background-position":"center center","background-size":"auto","background-attachment":"scroll","background-type":"","background-media":"","overlay-type":"","overlay-color":"","overlay-opacity":"","overlay-gradient":""},"mobile":{"background-color":"var(--ast-global-color-5)","background-image":"","background-repeat":"repeat","background-position":"center center","background-size":"auto","background-attachment":"scroll","background-type":"","background-media":"","overlay-type":"","overlay-color":"","overlay-opacity":"","overlay-gradient":""}},"footnotes":""},"class_list":["post-7306","page","type-page","status-publish","hentry"],"_links":{"self":[{"href":"https:\/\/stanthonykc.org\/es\/wp-json\/wp\/v2\/pages\/7306","targetHints":{"allow":["GET"]}}],"collection":[{"href":"https:\/\/stanthonykc.org\/es\/wp-json\/wp\/v2\/pages"}],"about":[{"href":"https:\/\/stanthonykc.org\/es\/wp-json\/wp\/v2\/types\/page"}],"author":[{"embeddable":true,"href":"https:\/\/stanthonykc.org\/es\/wp-json\/wp\/v2\/users\/2"}],"replies":[{"embeddable":true,"href":"https:\/\/stanthonykc.org\/es\/wp-json\/wp\/v2\/comments?post=7306"}],"version-history":[{"count":5,"href":"https:\/\/stanthonykc.org\/es\/wp-json\/wp\/v2\/pages\/7306\/revisions"}],"predecessor-version":[{"id":9588,"href":"https:\/\/stanthonykc.org\/es\/wp-json\/wp\/v2\/pages\/7306\/revisions\/9588"}],"wp:attachment":[{"href":"https:\/\/stanthonykc.org\/es\/wp-json\/wp\/v2\/media?parent=7306"}],"curies":[{"name":"wp","href":"https:\/\/api.w.org\/{rel}","templated":true}]}}