{"id":7298,"date":"2021-05-26T14:07:37","date_gmt":"2021-05-26T20:07:37","guid":{"rendered":"https:\/\/stanthonykc.org\/?page_id=7298"},"modified":"2021-05-27T08:34:19","modified_gmt":"2021-05-27T14:34:19","slug":"becoming-catholic-rcia-ser-catolico-rica","status":"publish","type":"page","link":"https:\/\/stanthonykc.org\/es\/becoming-catholic-rcia-ser-catolico-rica\/","title":{"rendered":"Becoming Catholic RCIA- Ser Cat\u00f3lico RICA"},"content":{"rendered":"<div data-elementor-type=\"wp-page\" data-elementor-id=\"7298\" class=\"elementor elementor-7298\">\n\t\t\t\t\t\t<section class=\"elementor-section elementor-top-section elementor-element elementor-element-2e96e23 elementor-section-boxed elementor-section-height-default elementor-section-height-default\" data-id=\"2e96e23\" data-element_type=\"section\" data-e-type=\"section\">\n\t\t\t\t\t\t<div class=\"elementor-container elementor-column-gap-default\">\n\t\t\t\t\t<div class=\"elementor-column elementor-col-100 elementor-top-column elementor-element elementor-element-2306645\" data-id=\"2306645\" data-element_type=\"column\" data-e-type=\"column\">\n\t\t\t<div class=\"elementor-widget-wrap elementor-element-populated\">\n\t\t\t\t\t\t<div class=\"elementor-element elementor-element-46e78e9 elementor-widget elementor-widget-heading\" data-id=\"46e78e9\" data-element_type=\"widget\" data-e-type=\"widget\" data-widget_type=\"heading.default\">\n\t\t\t\t<div class=\"elementor-widget-container\">\n\t\t\t\t\t<h2 class=\"elementor-heading-title elementor-size-default\">Becoming Catholic RCIA-Ser Cat\u00f3lico RICA<\/h2>\t\t\t\t<\/div>\n\t\t\t\t<\/div>\n\t\t\t\t\t<\/div>\n\t\t<\/div>\n\t\t\t\t\t<\/div>\n\t\t<\/section>\n\t\t\t\t<section class=\"elementor-section elementor-top-section elementor-element elementor-element-1d06bcf elementor-section-boxed elementor-section-height-default elementor-section-height-default\" data-id=\"1d06bcf\" data-element_type=\"section\" data-e-type=\"section\">\n\t\t\t\t\t\t<div class=\"elementor-container elementor-column-gap-default\">\n\t\t\t\t\t<div class=\"elementor-column elementor-col-100 elementor-top-column elementor-element elementor-element-305286d\" data-id=\"305286d\" data-element_type=\"column\" data-e-type=\"column\">\n\t\t\t<div class=\"elementor-widget-wrap elementor-element-populated\">\n\t\t\t\t\t\t<div class=\"elementor-element elementor-element-e82bbe3 elementor-widget elementor-widget-image\" data-id=\"e82bbe3\" data-element_type=\"widget\" data-e-type=\"widget\" data-widget_type=\"image.default\">\n\t\t\t\t<div class=\"elementor-widget-container\">\n\t\t\t\t\t\t\t\t\t\t\t\t\t\t\t<img loading=\"lazy\" decoding=\"async\" width=\"300\" height=\"200\" src=\"https:\/\/stanthonykc.org\/wp-content\/uploads\/2021\/05\/rciaa-300x200.png\" class=\"attachment-medium size-medium wp-image-7338\" alt=\"\" srcset=\"https:\/\/stanthonykc.org\/wp-content\/uploads\/2021\/05\/rciaa-300x200.png 300w, https:\/\/stanthonykc.org\/wp-content\/uploads\/2021\/05\/rciaa-16x12.png 16w, https:\/\/stanthonykc.org\/wp-content\/uploads\/2021\/05\/rciaa.png 600w\" sizes=\"auto, (max-width: 300px) 100vw, 300px\" \/>\t\t\t\t\t\t\t\t\t\t\t\t\t\t\t<\/div>\n\t\t\t\t<\/div>\n\t\t\t\t\t<\/div>\n\t\t<\/div>\n\t\t\t\t\t<\/div>\n\t\t<\/section>\n\t\t\t\t<section class=\"elementor-section elementor-top-section elementor-element elementor-element-dd19a1e elementor-section-boxed elementor-section-height-default elementor-section-height-default\" data-id=\"dd19a1e\" data-element_type=\"section\" data-e-type=\"section\">\n\t\t\t\t\t\t<div class=\"elementor-container elementor-column-gap-default\">\n\t\t\t\t\t<div class=\"elementor-column elementor-col-50 elementor-top-column elementor-element elementor-element-904518f\" data-id=\"904518f\" data-element_type=\"column\" data-e-type=\"column\">\n\t\t\t<div class=\"elementor-widget-wrap elementor-element-populated\">\n\t\t\t\t\t\t<div class=\"elementor-element elementor-element-8d01102 elementor-widget elementor-widget-text-editor\" data-id=\"8d01102\" data-element_type=\"widget\" data-e-type=\"widget\" data-widget_type=\"text-editor.default\">\n\t\t\t\t<div class=\"elementor-widget-container\">\n\t\t\t\t\t\t\t\t\t<p><strong>Becoming Catholic &#8211; RCIA<\/strong><\/p><p>RCIA or the Rite of Christian Initiation of Adults is the way that those interested in the Catholic Church learn about the faith and join our community. The process traces its roots back to the earliest days of Christian communities.<\/p><p>The process is for . . .<\/p><ul><li><p>Those never baptized who would like to become a Catholic,<\/p><\/li><li><p>Those baptized in another Christian Church who would like to become Catholic, or<\/p><\/li><li><p>Those already baptized as a Catholic but who have not received the Sacraments of Eucharist or Confirmation.<\/p><\/li><\/ul><p>If you are interested in becoming Catholic, please contact Cathy Hernandez.<\/p><p><strong>Contacto:<\/strong><a href=\"cathy4sa@gmail.com\"> Cathy Hernandez <\/a>816-231-5445<\/p>\t\t\t\t\t\t\t\t<\/div>\n\t\t\t\t<\/div>\n\t\t\t\t\t<\/div>\n\t\t<\/div>\n\t\t\t\t<div class=\"elementor-column elementor-col-50 elementor-top-column elementor-element elementor-element-0e2e1c8\" data-id=\"0e2e1c8\" data-element_type=\"column\" data-e-type=\"column\">\n\t\t\t<div class=\"elementor-widget-wrap elementor-element-populated\">\n\t\t\t\t\t\t<div class=\"elementor-element elementor-element-711612b elementor-widget elementor-widget-text-editor\" data-id=\"711612b\" data-element_type=\"widget\" data-e-type=\"widget\" data-widget_type=\"text-editor.default\">\n\t\t\t\t<div class=\"elementor-widget-container\">\n\t\t\t\t\t\t\t\t\t<p><strong>Convertirse en cat\u00f3lico &#8211; RICA<\/strong><\/p><p>RICA o el Rito de Iniciaci\u00f3n Cristiana para Adultos es la forma en que aquellos interesados en la Iglesia Cat\u00f3lica aprenden sobre la fe y se unen a nuestra comunidad. El proceso tiene sus ra\u00edces en los primeros d\u00edas de las comunidades cristianas.<\/p><p>El proceso es para. . .<\/p><ul><li>Aquellos que nunca se bautizaron y quisieran hacerse cat\u00f3licos,<\/li><li>Aquellos bautizados en otra iglesia cristiana que deseen convertirse en cat\u00f3licos, o<\/li><li>Aquellos que ya est\u00e1n bautizados como cat\u00f3licos pero que no han recibido los sacramentos de la Eucarist\u00eda o la Confirmaci\u00f3n.<\/li><\/ul><p>Si est\u00e1 interesado en convertirse en cat\u00f3lico, comun\u00edquese con la Hermana Mar\u00eda Isabel.<\/p><p><strong>Contacto:<\/strong><a href=\"srmariaisabel@stanthonykc.org\">\u00a0Hermana Mar\u00eda Isabel<\/a> 816-231-5445<\/p>\t\t\t\t\t\t\t\t<\/div>\n\t\t\t\t<\/div>\n\t\t\t\t\t<\/div>\n\t\t<\/div>\n\t\t\t\t\t<\/div>\n\t\t<\/section>\n\t\t\t\t<\/div>","protected":false},"excerpt":{"rendered":"<p>Becoming Catholic RCIA-Ser Cat\u00f3lico RICA Becoming Catholic &#8211; RCIA RCIA or the Rite of Christian Initiation of Adults is the way that those interested in the Catholic Church learn about [&hellip;]<\/p>\n","protected":false},"author":2,"featured_media":0,"parent":0,"menu_order":0,"comment_status":"closed","ping_status":"closed","template":"","meta":{"nf_dc_page":"","site-sidebar-layout":"no-sidebar","site-content-layout":"page-builder","ast-site-content-layout":"default","site-content-style":"default","site-sidebar-style":"default","ast-global-header-display":"","ast-banner-title-visibility":"","ast-main-header-display":"","ast-hfb-above-header-display":"","ast-hfb-below-header-display":"","ast-hfb-mobile-header-display":"","site-post-title":"disabled","ast-breadcrumbs-content":"","ast-featured-img":"disabled","footer-sml-layout":"","ast-disable-related-posts":"","theme-transparent-header-meta":"default","adv-header-id-meta":"","stick-header-meta":"","header-above-stick-meta":"","header-main-stick-meta":"","header-below-stick-meta":"","astra-migrate-meta-layouts":"default","ast-page-background-enabled":"default","ast-page-background-meta":{"desktop":{"background-color":"","background-image":"","background-repeat":"repeat","background-position":"center center","background-size":"auto","background-attachment":"scroll","background-type":"","background-media":"","overlay-type":"","overlay-color":"","overlay-opacity":"","overlay-gradient":""},"tablet":{"background-color":"","background-image":"","background-repeat":"repeat","background-position":"center center","background-size":"auto","background-attachment":"scroll","background-type":"","background-media":"","overlay-type":"","overlay-color":"","overlay-opacity":"","overlay-gradient":""},"mobile":{"background-color":"","background-image":"","background-repeat":"repeat","background-position":"center center","background-size":"auto","background-attachment":"scroll","background-type":"","background-media":"","overlay-type":"","overlay-color":"","overlay-opacity":"","overlay-gradient":""}},"ast-content-background-meta":{"desktop":{"background-color":"var(--ast-global-color-5)","background-image":"","background-repeat":"repeat","background-position":"center center","background-size":"auto","background-attachment":"scroll","background-type":"","background-media":"","overlay-type":"","overlay-color":"","overlay-opacity":"","overlay-gradient":""},"tablet":{"background-color":"var(--ast-global-color-5)","background-image":"","background-repeat":"repeat","background-position":"center center","background-size":"auto","background-attachment":"scroll","background-type":"","background-media":"","overlay-type":"","overlay-color":"","overlay-opacity":"","overlay-gradient":""},"mobile":{"background-color":"var(--ast-global-color-5)","background-image":"","background-repeat":"repeat","background-position":"center center","background-size":"auto","background-attachment":"scroll","background-type":"","background-media":"","overlay-type":"","overlay-color":"","overlay-opacity":"","overlay-gradient":""}},"footnotes":""},"class_list":["post-7298","page","type-page","status-publish","hentry"],"_links":{"self":[{"href":"https:\/\/stanthonykc.org\/es\/wp-json\/wp\/v2\/pages\/7298","targetHints":{"allow":["GET"]}}],"collection":[{"href":"https:\/\/stanthonykc.org\/es\/wp-json\/wp\/v2\/pages"}],"about":[{"href":"https:\/\/stanthonykc.org\/es\/wp-json\/wp\/v2\/types\/page"}],"author":[{"embeddable":true,"href":"https:\/\/stanthonykc.org\/es\/wp-json\/wp\/v2\/users\/2"}],"replies":[{"embeddable":true,"href":"https:\/\/stanthonykc.org\/es\/wp-json\/wp\/v2\/comments?post=7298"}],"version-history":[{"count":5,"href":"https:\/\/stanthonykc.org\/es\/wp-json\/wp\/v2\/pages\/7298\/revisions"}],"predecessor-version":[{"id":7344,"href":"https:\/\/stanthonykc.org\/es\/wp-json\/wp\/v2\/pages\/7298\/revisions\/7344"}],"wp:attachment":[{"href":"https:\/\/stanthonykc.org\/es\/wp-json\/wp\/v2\/media?parent=7298"}],"curies":[{"name":"wp","href":"https:\/\/api.w.org\/{rel}","templated":true}]}}