{"id":7293,"date":"2021-05-26T14:05:22","date_gmt":"2021-05-26T20:05:22","guid":{"rendered":"https:\/\/stanthonykc.org\/?page_id=7293"},"modified":"2021-06-17T10:12:49","modified_gmt":"2021-06-17T16:12:49","slug":"confirmation-confirmacion","status":"publish","type":"page","link":"https:\/\/stanthonykc.org\/es\/confirmation-confirmacion\/","title":{"rendered":"Confirmation-Confirmaci\u00f3n"},"content":{"rendered":"<div data-elementor-type=\"wp-page\" data-elementor-id=\"7293\" class=\"elementor elementor-7293\">\n\t\t\t\t\t\t<section class=\"elementor-section elementor-top-section elementor-element elementor-element-226071f elementor-section-boxed elementor-section-height-default elementor-section-height-default\" data-id=\"226071f\" data-element_type=\"section\" data-e-type=\"section\">\n\t\t\t\t\t\t<div class=\"elementor-container elementor-column-gap-default\">\n\t\t\t\t\t<div class=\"elementor-column elementor-col-100 elementor-top-column elementor-element elementor-element-bbdba4f\" data-id=\"bbdba4f\" data-element_type=\"column\" data-e-type=\"column\">\n\t\t\t<div class=\"elementor-widget-wrap elementor-element-populated\">\n\t\t\t\t\t\t<div class=\"elementor-element elementor-element-08db232 elementor-widget elementor-widget-heading\" data-id=\"08db232\" data-element_type=\"widget\" data-e-type=\"widget\" data-widget_type=\"heading.default\">\n\t\t\t\t<div class=\"elementor-widget-container\">\n\t\t\t\t\t<h2 class=\"elementor-heading-title elementor-size-default\">Confirmation - Confirmaci\u00f3n<\/h2>\t\t\t\t<\/div>\n\t\t\t\t<\/div>\n\t\t\t\t\t<\/div>\n\t\t<\/div>\n\t\t\t\t\t<\/div>\n\t\t<\/section>\n\t\t\t\t<section class=\"elementor-section elementor-top-section elementor-element elementor-element-7777b38 elementor-section-boxed elementor-section-height-default elementor-section-height-default\" data-id=\"7777b38\" data-element_type=\"section\" data-e-type=\"section\">\n\t\t\t\t\t\t<div class=\"elementor-container elementor-column-gap-default\">\n\t\t\t\t\t<div class=\"elementor-column elementor-col-100 elementor-top-column elementor-element elementor-element-4234167\" data-id=\"4234167\" data-element_type=\"column\" data-e-type=\"column\">\n\t\t\t<div class=\"elementor-widget-wrap elementor-element-populated\">\n\t\t\t\t\t\t<div class=\"elementor-element elementor-element-428ec74 elementor-widget elementor-widget-image\" data-id=\"428ec74\" data-element_type=\"widget\" data-e-type=\"widget\" data-widget_type=\"image.default\">\n\t\t\t\t<div class=\"elementor-widget-container\">\n\t\t\t\t\t\t\t\t\t\t\t\t\t\t\t<img loading=\"lazy\" decoding=\"async\" width=\"300\" height=\"200\" src=\"https:\/\/stanthonykc.org\/wp-content\/uploads\/2021\/05\/confirmationstanthony-300x200.jpg\" class=\"attachment-medium size-medium wp-image-7334\" alt=\"\" srcset=\"https:\/\/stanthonykc.org\/wp-content\/uploads\/2021\/05\/confirmationstanthony-300x200.jpg 300w, https:\/\/stanthonykc.org\/wp-content\/uploads\/2021\/05\/confirmationstanthony-1024x682.jpg 1024w, https:\/\/stanthonykc.org\/wp-content\/uploads\/2021\/05\/confirmationstanthony-768x512.jpg 768w, https:\/\/stanthonykc.org\/wp-content\/uploads\/2021\/05\/confirmationstanthony-1536x1023.jpg 1536w, https:\/\/stanthonykc.org\/wp-content\/uploads\/2021\/05\/confirmationstanthony-16x12.jpg 16w, https:\/\/stanthonykc.org\/wp-content\/uploads\/2021\/05\/confirmationstanthony.jpg 1732w\" sizes=\"auto, (max-width: 300px) 100vw, 300px\" \/>\t\t\t\t\t\t\t\t\t\t\t\t\t\t\t<\/div>\n\t\t\t\t<\/div>\n\t\t\t\t\t<\/div>\n\t\t<\/div>\n\t\t\t\t\t<\/div>\n\t\t<\/section>\n\t\t\t\t<section class=\"elementor-section elementor-top-section elementor-element elementor-element-c04bb9e elementor-section-boxed elementor-section-height-default elementor-section-height-default\" data-id=\"c04bb9e\" data-element_type=\"section\" data-e-type=\"section\">\n\t\t\t\t\t\t<div class=\"elementor-container elementor-column-gap-default\">\n\t\t\t\t\t<div class=\"elementor-column elementor-col-50 elementor-top-column elementor-element elementor-element-522381a\" data-id=\"522381a\" data-element_type=\"column\" data-e-type=\"column\">\n\t\t\t<div class=\"elementor-widget-wrap elementor-element-populated\">\n\t\t\t\t\t\t<div class=\"elementor-element elementor-element-456b676 elementor-widget elementor-widget-text-editor\" data-id=\"456b676\" data-element_type=\"widget\" data-e-type=\"widget\" data-widget_type=\"text-editor.default\">\n\t\t\t\t<div class=\"elementor-widget-container\">\n\t\t\t\t\t\t\t\t\t<p>Confirmation is one of the three sacraments of initiation.<\/p><p>When we are baptized, we receive \u2013 partially \u2013 the gifts of the Holy Spirit. Confirmation completes those gifts in us. With Confirmation, we are \u201csealed\u201d in the Spirit.<\/p><p>When one is confirmed, the bishop will lay hands on the person, and then anoint them with chrism (blessed oil) reserved for just this purpose. The use of oil has a rich history in the Church: it symbolizes (in part) cleansing, healing, and strengthening. In Confirmation, we are strengthened in Christ and in our ability to live an outward Christian life.<\/p><p>St. Anthony has a preparation program for the Sacrament of Confirmation.\u00a0 The program includes active participation in our parish community including retreats and volunteer service experiences. Confirmation preparation is open to teens in their freshman year of high school and older. For more information, please contact the Cathy Hernandez.\u00a0<\/p><p><strong>Contacto:<\/strong> <a href=\"cathy4sa@gmail.com\">Cathy Hernandez<\/a> 816-231-5445<\/p>\t\t\t\t\t\t\t\t<\/div>\n\t\t\t\t<\/div>\n\t\t\t\t\t<\/div>\n\t\t<\/div>\n\t\t\t\t<div class=\"elementor-column elementor-col-50 elementor-top-column elementor-element elementor-element-b50ff24\" data-id=\"b50ff24\" data-element_type=\"column\" data-e-type=\"column\">\n\t\t\t<div class=\"elementor-widget-wrap elementor-element-populated\">\n\t\t\t\t\t\t<div class=\"elementor-element elementor-element-637c12c elementor-widget elementor-widget-text-editor\" data-id=\"637c12c\" data-element_type=\"widget\" data-e-type=\"widget\" data-widget_type=\"text-editor.default\">\n\t\t\t\t<div class=\"elementor-widget-container\">\n\t\t\t\t\t\t\t\t\t<p>La confirmaci\u00f3n es uno de los tres sacramentos de iniciaci\u00f3n.<\/p><p>Cuando nos bautizamos, recibimos, parcialmente, los dones del Esp\u00edritu Santo. La confirmaci\u00f3n completa esos dones en nosotros. Con la Confirmaci\u00f3n, somos &#8220;sellados&#8221; en el Esp\u00edritu.<\/p><p>Cuando uno es confirmado, el obispo impondr\u00e1 las manos sobre la persona y luego la unge con el crisma (aceite bendito) reservado solo para este prop\u00f3sito. El uso del aceite tiene una rica historia en la Iglesia: simboliza (en parte) la limpieza, la curaci\u00f3n y el fortalecimiento. En la Confirmaci\u00f3n, somos fortalecidos en Cristo y en nuestra capacidad de vivir una vida cristiana externa.<\/p><p>San Antonio tiene un programa de preparaci\u00f3n para el Sacramento de la Confirmaci\u00f3n. El programa incluye participaci\u00f3n activa en nuestra comunidad parroquial, incluidos retiros y experiencias de servicio voluntario. La preparaci\u00f3n de la confirmaci\u00f3n est\u00e1 abierta a los adolescentes en su primer a\u00f1o de escuela secundaria y mayores. Para obtener m\u00e1s informaci\u00f3n, comun\u00edquese con Cathy Hernandez.<\/p><p><strong>Contacto:<\/strong> <a href=\"cathy4sa@gmail.com\">Cathy Hernandez<\/a> 816-231-5445<\/p>\t\t\t\t\t\t\t\t<\/div>\n\t\t\t\t<\/div>\n\t\t\t\t\t<\/div>\n\t\t<\/div>\n\t\t\t\t\t<\/div>\n\t\t<\/section>\n\t\t\t\t<\/div>","protected":false},"excerpt":{"rendered":"<p>Confirmation &#8211; Confirmaci\u00f3n Confirmation is one of the three sacraments of initiation. When we are baptized, we receive \u2013 partially \u2013 the gifts of the Holy Spirit. Confirmation completes those [&hellip;]<\/p>\n","protected":false},"author":2,"featured_media":0,"parent":0,"menu_order":0,"comment_status":"closed","ping_status":"closed","template":"","meta":{"nf_dc_page":"","site-sidebar-layout":"no-sidebar","site-content-layout":"page-builder","ast-site-content-layout":"default","site-content-style":"default","site-sidebar-style":"default","ast-global-header-display":"","ast-banner-title-visibility":"","ast-main-header-display":"","ast-hfb-above-header-display":"","ast-hfb-below-header-display":"","ast-hfb-mobile-header-display":"","site-post-title":"disabled","ast-breadcrumbs-content":"","ast-featured-img":"disabled","footer-sml-layout":"","ast-disable-related-posts":"","theme-transparent-header-meta":"default","adv-header-id-meta":"","stick-header-meta":"","header-above-stick-meta":"","header-main-stick-meta":"","header-below-stick-meta":"","astra-migrate-meta-layouts":"default","ast-page-background-enabled":"default","ast-page-background-meta":{"desktop":{"background-color":"","background-image":"","background-repeat":"repeat","background-position":"center center","background-size":"auto","background-attachment":"scroll","background-type":"","background-media":"","overlay-type":"","overlay-color":"","overlay-opacity":"","overlay-gradient":""},"tablet":{"background-color":"","background-image":"","background-repeat":"repeat","background-position":"center center","background-size":"auto","background-attachment":"scroll","background-type":"","background-media":"","overlay-type":"","overlay-color":"","overlay-opacity":"","overlay-gradient":""},"mobile":{"background-color":"","background-image":"","background-repeat":"repeat","background-position":"center center","background-size":"auto","background-attachment":"scroll","background-type":"","background-media":"","overlay-type":"","overlay-color":"","overlay-opacity":"","overlay-gradient":""}},"ast-content-background-meta":{"desktop":{"background-color":"var(--ast-global-color-5)","background-image":"","background-repeat":"repeat","background-position":"center center","background-size":"auto","background-attachment":"scroll","background-type":"","background-media":"","overlay-type":"","overlay-color":"","overlay-opacity":"","overlay-gradient":""},"tablet":{"background-color":"var(--ast-global-color-5)","background-image":"","background-repeat":"repeat","background-position":"center center","background-size":"auto","background-attachment":"scroll","background-type":"","background-media":"","overlay-type":"","overlay-color":"","overlay-opacity":"","overlay-gradient":""},"mobile":{"background-color":"var(--ast-global-color-5)","background-image":"","background-repeat":"repeat","background-position":"center center","background-size":"auto","background-attachment":"scroll","background-type":"","background-media":"","overlay-type":"","overlay-color":"","overlay-opacity":"","overlay-gradient":""}},"footnotes":""},"class_list":["post-7293","page","type-page","status-publish","hentry"],"_links":{"self":[{"href":"https:\/\/stanthonykc.org\/es\/wp-json\/wp\/v2\/pages\/7293","targetHints":{"allow":["GET"]}}],"collection":[{"href":"https:\/\/stanthonykc.org\/es\/wp-json\/wp\/v2\/pages"}],"about":[{"href":"https:\/\/stanthonykc.org\/es\/wp-json\/wp\/v2\/types\/page"}],"author":[{"embeddable":true,"href":"https:\/\/stanthonykc.org\/es\/wp-json\/wp\/v2\/users\/2"}],"replies":[{"embeddable":true,"href":"https:\/\/stanthonykc.org\/es\/wp-json\/wp\/v2\/comments?post=7293"}],"version-history":[{"count":5,"href":"https:\/\/stanthonykc.org\/es\/wp-json\/wp\/v2\/pages\/7293\/revisions"}],"predecessor-version":[{"id":7443,"href":"https:\/\/stanthonykc.org\/es\/wp-json\/wp\/v2\/pages\/7293\/revisions\/7443"}],"wp:attachment":[{"href":"https:\/\/stanthonykc.org\/es\/wp-json\/wp\/v2\/media?parent=7293"}],"curies":[{"name":"wp","href":"https:\/\/api.w.org\/{rel}","templated":true}]}}