{"id":7282,"date":"2021-05-26T13:08:29","date_gmt":"2021-05-26T19:08:29","guid":{"rendered":"https:\/\/stanthonykc.org\/?page_id=7282"},"modified":"2025-05-30T12:58:27","modified_gmt":"2025-05-30T18:58:27","slug":"1st-communion-1er-comunion","status":"publish","type":"page","link":"https:\/\/stanthonykc.org\/es\/1st-communion-1er-comunion\/","title":{"rendered":"1st Communion-1er Comunion"},"content":{"rendered":"<div data-elementor-type=\"wp-page\" data-elementor-id=\"7282\" class=\"elementor elementor-7282\">\n\t\t\t\t\t\t<section class=\"elementor-section elementor-top-section elementor-element elementor-element-fd4f708 elementor-section-boxed elementor-section-height-default elementor-section-height-default\" data-id=\"fd4f708\" data-element_type=\"section\" data-e-type=\"section\">\n\t\t\t\t\t\t<div class=\"elementor-container elementor-column-gap-default\">\n\t\t\t\t\t<div class=\"elementor-column elementor-col-100 elementor-top-column elementor-element elementor-element-384e749\" data-id=\"384e749\" data-element_type=\"column\" data-e-type=\"column\">\n\t\t\t<div class=\"elementor-widget-wrap elementor-element-populated\">\n\t\t\t\t\t\t<div class=\"elementor-element elementor-element-aced72d elementor-widget elementor-widget-heading\" data-id=\"aced72d\" data-element_type=\"widget\" data-e-type=\"widget\" data-widget_type=\"heading.default\">\n\t\t\t\t<div class=\"elementor-widget-container\">\n\t\t\t\t\t<h2 class=\"elementor-heading-title elementor-size-default\">1st Communion - 1\u00ba Comuni\u00f3n<\/h2>\t\t\t\t<\/div>\n\t\t\t\t<\/div>\n\t\t\t\t\t<\/div>\n\t\t<\/div>\n\t\t\t\t\t<\/div>\n\t\t<\/section>\n\t\t\t\t<section class=\"elementor-section elementor-top-section elementor-element elementor-element-54e9598 elementor-section-boxed elementor-section-height-default elementor-section-height-default\" data-id=\"54e9598\" data-element_type=\"section\" data-e-type=\"section\">\n\t\t\t\t\t\t<div class=\"elementor-container elementor-column-gap-default\">\n\t\t\t\t\t<div class=\"elementor-column elementor-col-100 elementor-top-column elementor-element elementor-element-b4da6c9\" data-id=\"b4da6c9\" data-element_type=\"column\" data-e-type=\"column\">\n\t\t\t<div class=\"elementor-widget-wrap elementor-element-populated\">\n\t\t\t\t\t\t<div class=\"elementor-element elementor-element-c3b979e elementor-widget elementor-widget-image\" data-id=\"c3b979e\" data-element_type=\"widget\" data-e-type=\"widget\" data-widget_type=\"image.default\">\n\t\t\t\t<div class=\"elementor-widget-container\">\n\t\t\t\t\t\t\t\t\t\t\t\t\t\t\t<img loading=\"lazy\" decoding=\"async\" width=\"300\" height=\"214\" src=\"https:\/\/stanthonykc.org\/wp-content\/uploads\/2021\/05\/1stcommunion1-300x214.jpg\" class=\"attachment-medium size-medium wp-image-7289\" alt=\"\" srcset=\"https:\/\/stanthonykc.org\/wp-content\/uploads\/2021\/05\/1stcommunion1-300x214.jpg 300w, https:\/\/stanthonykc.org\/wp-content\/uploads\/2021\/05\/1stcommunion1-1024x730.jpg 1024w, https:\/\/stanthonykc.org\/wp-content\/uploads\/2021\/05\/1stcommunion1-768x548.jpg 768w, https:\/\/stanthonykc.org\/wp-content\/uploads\/2021\/05\/1stcommunion1-1536x1096.jpg 1536w, https:\/\/stanthonykc.org\/wp-content\/uploads\/2021\/05\/1stcommunion1-16x12.jpg 16w, https:\/\/stanthonykc.org\/wp-content\/uploads\/2021\/05\/1stcommunion1.jpg 1674w\" sizes=\"auto, (max-width: 300px) 100vw, 300px\" \/>\t\t\t\t\t\t\t\t\t\t\t\t\t\t\t<\/div>\n\t\t\t\t<\/div>\n\t\t\t\t\t<\/div>\n\t\t<\/div>\n\t\t\t\t\t<\/div>\n\t\t<\/section>\n\t\t\t\t<section class=\"elementor-section elementor-top-section elementor-element elementor-element-3f71adb elementor-section-boxed elementor-section-height-default elementor-section-height-default\" data-id=\"3f71adb\" data-element_type=\"section\" data-e-type=\"section\">\n\t\t\t\t\t\t<div class=\"elementor-container elementor-column-gap-default\">\n\t\t\t\t\t<div class=\"elementor-column elementor-col-50 elementor-top-column elementor-element elementor-element-2d4a5d4\" data-id=\"2d4a5d4\" data-element_type=\"column\" data-e-type=\"column\">\n\t\t\t<div class=\"elementor-widget-wrap elementor-element-populated\">\n\t\t\t\t\t\t<div class=\"elementor-element elementor-element-b878ad5 elementor-widget elementor-widget-text-editor\" data-id=\"b878ad5\" data-element_type=\"widget\" data-e-type=\"widget\" data-widget_type=\"text-editor.default\">\n\t\t\t\t<div class=\"elementor-widget-container\">\n\t\t\t\t\t\t\t\t\t<div id=\"elementor-tab-content-5634\" class=\"elementor-tab-content elementor-clearfix elementor-active\" role=\"tabpanel\" data-tab=\"4\" aria-labelledby=\"elementor-tab-title-5634\"><p><strong>Requisitos para la Primera Comuni\u00f3n<\/strong><\/p><p>\u27a2 The child should be 8 years or older and enrolled in at least the second grade.<\/p><p>\u27a2 Both a Birth Certificate and a Baptism Certificate for the child is required.<\/p><p>\u27a2 Los padres deben asistir a clases todos los mi\u00e9rcoles.<\/p><p>\u27a2 The cost for families registered for more than one year is $80<\/p><p>\u27a2 The cost for families not registered or registered less than a year is $110.<\/p><p>\u27a2 Preparation begins in September and concludes in May \u2013 all sessions are on Wednesday nights.<\/p><p><strong> Contacto:<\/strong> <a href=\"cathy4sa@gmail.com\">Cathy Hernandez<\/a> (816-231-5445)\u00a0<\/p><\/div>\t\t\t\t\t\t\t\t<\/div>\n\t\t\t\t<\/div>\n\t\t\t\t\t<\/div>\n\t\t<\/div>\n\t\t\t\t<div class=\"elementor-column elementor-col-50 elementor-top-column elementor-element elementor-element-18fdfa1\" data-id=\"18fdfa1\" data-element_type=\"column\" data-e-type=\"column\">\n\t\t\t<div class=\"elementor-widget-wrap elementor-element-populated\">\n\t\t\t\t\t\t<div class=\"elementor-element elementor-element-74ef591 elementor-widget elementor-widget-text-editor\" data-id=\"74ef591\" data-element_type=\"widget\" data-e-type=\"widget\" data-widget_type=\"text-editor.default\">\n\t\t\t\t<div class=\"elementor-widget-container\">\n\t\t\t\t\t\t\t\t\t<p><strong>Requisitos para la Primera Comuni\u00f3n<\/strong><\/p><p>\u27a2 El ni\u00f1o debe tener 8 a\u00f1os o m\u00e1s y estar matriculado al menos en el segundo grado.<\/p><p>\u27a2 Se requiere un certificado de nacimiento y un certificado de bautismo del ni\u00f1o.<\/p><p>\u27a2 Los padres deben asistir a clases todos los Domingos.<\/p><p>\u27a2 El costo para familias registradas por m\u00e1s de un a\u00f1o es $80<\/p><p>\u27a2 El costo para familias no registradas o registradas menos de un a\u00f1o es $110.<\/p><p>\u27a2 La preparaci\u00f3n comienza en septiembre y concluye en mayo; todas las sesiones son los Domingos por la ma\u00f1ana.<\/p><p><strong>Contacto:<\/strong> <a href=\"cathy4sa@gmail.com\">Cathy Hernandez<\/a> (816-231-5445)<\/p>\t\t\t\t\t\t\t\t<\/div>\n\t\t\t\t<\/div>\n\t\t\t\t\t<\/div>\n\t\t<\/div>\n\t\t\t\t\t<\/div>\n\t\t<\/section>\n\t\t\t\t<\/div>","protected":false},"excerpt":{"rendered":"<p>1st Communion &#8211; 1\u00ba Comuni\u00f3n Requirements for First Communion \u27a2 The child should be 8 years or older and enrolled in at least the second grade. \u27a2 Both a Birth [&hellip;]<\/p>\n","protected":false},"author":2,"featured_media":0,"parent":0,"menu_order":0,"comment_status":"closed","ping_status":"closed","template":"","meta":{"nf_dc_page":"","site-sidebar-layout":"no-sidebar","site-content-layout":"page-builder","ast-site-content-layout":"default","site-content-style":"default","site-sidebar-style":"default","ast-global-header-display":"","ast-banner-title-visibility":"","ast-main-header-display":"","ast-hfb-above-header-display":"","ast-hfb-below-header-display":"","ast-hfb-mobile-header-display":"","site-post-title":"disabled","ast-breadcrumbs-content":"","ast-featured-img":"disabled","footer-sml-layout":"","ast-disable-related-posts":"","theme-transparent-header-meta":"default","adv-header-id-meta":"","stick-header-meta":"","header-above-stick-meta":"","header-main-stick-meta":"","header-below-stick-meta":"","astra-migrate-meta-layouts":"default","ast-page-background-enabled":"default","ast-page-background-meta":{"desktop":{"background-color":"","background-image":"","background-repeat":"repeat","background-position":"center center","background-size":"auto","background-attachment":"scroll","background-type":"","background-media":"","overlay-type":"","overlay-color":"","overlay-opacity":"","overlay-gradient":""},"tablet":{"background-color":"","background-image":"","background-repeat":"repeat","background-position":"center center","background-size":"auto","background-attachment":"scroll","background-type":"","background-media":"","overlay-type":"","overlay-color":"","overlay-opacity":"","overlay-gradient":""},"mobile":{"background-color":"","background-image":"","background-repeat":"repeat","background-position":"center center","background-size":"auto","background-attachment":"scroll","background-type":"","background-media":"","overlay-type":"","overlay-color":"","overlay-opacity":"","overlay-gradient":""}},"ast-content-background-meta":{"desktop":{"background-color":"var(--ast-global-color-5)","background-image":"","background-repeat":"repeat","background-position":"center center","background-size":"auto","background-attachment":"scroll","background-type":"","background-media":"","overlay-type":"","overlay-color":"","overlay-opacity":"","overlay-gradient":""},"tablet":{"background-color":"var(--ast-global-color-5)","background-image":"","background-repeat":"repeat","background-position":"center center","background-size":"auto","background-attachment":"scroll","background-type":"","background-media":"","overlay-type":"","overlay-color":"","overlay-opacity":"","overlay-gradient":""},"mobile":{"background-color":"var(--ast-global-color-5)","background-image":"","background-repeat":"repeat","background-position":"center center","background-size":"auto","background-attachment":"scroll","background-type":"","background-media":"","overlay-type":"","overlay-color":"","overlay-opacity":"","overlay-gradient":""}},"footnotes":""},"class_list":["post-7282","page","type-page","status-publish","hentry"],"_links":{"self":[{"href":"https:\/\/stanthonykc.org\/es\/wp-json\/wp\/v2\/pages\/7282","targetHints":{"allow":["GET"]}}],"collection":[{"href":"https:\/\/stanthonykc.org\/es\/wp-json\/wp\/v2\/pages"}],"about":[{"href":"https:\/\/stanthonykc.org\/es\/wp-json\/wp\/v2\/types\/page"}],"author":[{"embeddable":true,"href":"https:\/\/stanthonykc.org\/es\/wp-json\/wp\/v2\/users\/2"}],"replies":[{"embeddable":true,"href":"https:\/\/stanthonykc.org\/es\/wp-json\/wp\/v2\/comments?post=7282"}],"version-history":[{"count":5,"href":"https:\/\/stanthonykc.org\/es\/wp-json\/wp\/v2\/pages\/7282\/revisions"}],"predecessor-version":[{"id":9571,"href":"https:\/\/stanthonykc.org\/es\/wp-json\/wp\/v2\/pages\/7282\/revisions\/9571"}],"wp:attachment":[{"href":"https:\/\/stanthonykc.org\/es\/wp-json\/wp\/v2\/media?parent=7282"}],"curies":[{"name":"wp","href":"https:\/\/api.w.org\/{rel}","templated":true}]}}