{"id":7269,"date":"2021-05-26T12:47:57","date_gmt":"2021-05-26T18:47:57","guid":{"rendered":"https:\/\/stanthonykc.org\/?page_id=7269"},"modified":"2023-10-24T12:03:00","modified_gmt":"2023-10-24T18:03:00","slug":"presentation-of-a-3-year-old-presentacion-de-3-anos","status":"publish","type":"page","link":"https:\/\/stanthonykc.org\/es\/presentation-of-a-3-year-old-presentacion-de-3-anos\/","title":{"rendered":"Presentation of a 3 Year Old &#8211; Presentaci\u00f3n de 3 A\u00f1os"},"content":{"rendered":"<div data-elementor-type=\"wp-page\" data-elementor-id=\"7269\" class=\"elementor elementor-7269\">\n\t\t\t\t\t\t<section class=\"elementor-section elementor-top-section elementor-element elementor-element-ee09053 elementor-section-boxed elementor-section-height-default elementor-section-height-default\" data-id=\"ee09053\" data-element_type=\"section\" data-e-type=\"section\">\n\t\t\t\t\t\t<div class=\"elementor-container elementor-column-gap-default\">\n\t\t\t\t\t<div class=\"elementor-column elementor-col-100 elementor-top-column elementor-element elementor-element-d95bbad\" data-id=\"d95bbad\" data-element_type=\"column\" data-e-type=\"column\">\n\t\t\t<div class=\"elementor-widget-wrap elementor-element-populated\">\n\t\t\t\t\t\t<div class=\"elementor-element elementor-element-3c96e81 elementor-widget elementor-widget-heading\" data-id=\"3c96e81\" data-element_type=\"widget\" data-e-type=\"widget\" data-widget_type=\"heading.default\">\n\t\t\t\t<div class=\"elementor-widget-container\">\n\t\t\t\t\t<h2 class=\"elementor-heading-title elementor-size-default\">Presentation of a 3 Year Old - \nPresentaci\u00f3n de 3 A\u00f1os<\/h2>\t\t\t\t<\/div>\n\t\t\t\t<\/div>\n\t\t\t\t\t<\/div>\n\t\t<\/div>\n\t\t\t\t\t<\/div>\n\t\t<\/section>\n\t\t\t\t<section class=\"elementor-section elementor-top-section elementor-element elementor-element-258c2f9 elementor-section-boxed elementor-section-height-default elementor-section-height-default\" data-id=\"258c2f9\" data-element_type=\"section\" data-e-type=\"section\">\n\t\t\t\t\t\t<div class=\"elementor-container elementor-column-gap-default\">\n\t\t\t\t\t<div class=\"elementor-column elementor-col-100 elementor-top-column elementor-element elementor-element-a8e4db5\" data-id=\"a8e4db5\" data-element_type=\"column\" data-e-type=\"column\">\n\t\t\t<div class=\"elementor-widget-wrap elementor-element-populated\">\n\t\t\t\t\t\t<div class=\"elementor-element elementor-element-02ee0f6 elementor-widget elementor-widget-image\" data-id=\"02ee0f6\" data-element_type=\"widget\" data-e-type=\"widget\" data-widget_type=\"image.default\">\n\t\t\t\t<div class=\"elementor-widget-container\">\n\t\t\t\t\t\t\t\t\t\t\t\t\t\t\t<img loading=\"lazy\" decoding=\"async\" width=\"300\" height=\"200\" src=\"https:\/\/stanthonykc.org\/wp-content\/uploads\/2021\/05\/presentacion-300x200.jpg\" class=\"attachment-medium size-medium wp-image-7271\" alt=\"\" srcset=\"https:\/\/stanthonykc.org\/wp-content\/uploads\/2021\/05\/presentacion-300x200.jpg 300w, https:\/\/stanthonykc.org\/wp-content\/uploads\/2021\/05\/presentacion-768x513.jpg 768w, https:\/\/stanthonykc.org\/wp-content\/uploads\/2021\/05\/presentacion-16x12.jpg 16w, https:\/\/stanthonykc.org\/wp-content\/uploads\/2021\/05\/presentacion.jpg 900w\" sizes=\"auto, (max-width: 300px) 100vw, 300px\" \/>\t\t\t\t\t\t\t\t\t\t\t\t\t\t\t<\/div>\n\t\t\t\t<\/div>\n\t\t\t\t\t<\/div>\n\t\t<\/div>\n\t\t\t\t\t<\/div>\n\t\t<\/section>\n\t\t\t\t<section class=\"elementor-section elementor-top-section elementor-element elementor-element-cf6cfc8 elementor-section-boxed elementor-section-height-default elementor-section-height-default\" data-id=\"cf6cfc8\" data-element_type=\"section\" data-e-type=\"section\">\n\t\t\t\t\t\t<div class=\"elementor-container elementor-column-gap-default\">\n\t\t\t\t\t<div class=\"elementor-column elementor-col-50 elementor-top-column elementor-element elementor-element-1675eae\" data-id=\"1675eae\" data-element_type=\"column\" data-e-type=\"column\">\n\t\t\t<div class=\"elementor-widget-wrap elementor-element-populated\">\n\t\t\t\t\t\t<div class=\"elementor-element elementor-element-8200d88 elementor-widget elementor-widget-text-editor\" data-id=\"8200d88\" data-element_type=\"widget\" data-e-type=\"widget\" data-widget_type=\"text-editor.default\">\n\t\t\t\t<div class=\"elementor-widget-container\">\n\t\t\t\t\t\t\t\t\t<div id=\"elementor-tab-content-5633\" class=\"elementor-tab-content elementor-clearfix elementor-active\" role=\"tabpanel\" data-tab=\"3\" aria-labelledby=\"elementor-tab-title-5633\"><p><strong>Requisitos para la presentaci\u00f3n de un ni\u00f1o de 3 a\u00f1os<\/strong><\/p><p>\u27a2 La familia debe estar registrada en St. Anthony's durante al menos 6 meses.<\/p><p>\u27a2 Normalmente, las presentaciones son el \u00faltimo domingo del mes.<\/p><p>\u27a2 Se debe presentar un certificado de bautismo para el ni\u00f1o.<\/p><p>\u27a2 La iglesia solicita una donaci\u00f3n de $ 50.<\/p><p><strong>Contacto:<\/strong> Cathy Hernandez is available\u00a0 Wednesday during office hours and Sunday after masses over in church. 816-231-5445 Cathy4sa@gmail.com<\/p><\/div>\t\t\t\t\t\t\t\t<\/div>\n\t\t\t\t<\/div>\n\t\t\t\t\t<\/div>\n\t\t<\/div>\n\t\t\t\t<div class=\"elementor-column elementor-col-50 elementor-top-column elementor-element elementor-element-d198cc1\" data-id=\"d198cc1\" data-element_type=\"column\" data-e-type=\"column\">\n\t\t\t<div class=\"elementor-widget-wrap elementor-element-populated\">\n\t\t\t\t\t\t<div class=\"elementor-element elementor-element-0ac610b elementor-widget elementor-widget-text-editor\" data-id=\"0ac610b\" data-element_type=\"widget\" data-e-type=\"widget\" data-widget_type=\"text-editor.default\">\n\t\t\t\t<div class=\"elementor-widget-container\">\n\t\t\t\t\t\t\t\t\t<p><strong>Requisitos para la presentaci\u00f3n de 3 a\u00f1os<\/strong><\/p>\n<p>\u27a2 La familia debe estar registrada en St. Anthony&#8217;s durante al menos 6 meses.<\/p>\n<p>\u27a2 Normalmente, las presentaciones son el \u00faltimo domingo del mes.<\/p>\n<p>\u27a2 Se debe presentar un certificado de bautismo del ni\u00f1o.<\/p>\n<p>\u27a2 La iglesia solicita una donaci\u00f3n de $ 50.<\/p>\n<p><strong>Contacto:<\/strong> Cathy Hernandez esta disponible los mi\u00e9rcoles durante el horario de oficina y los domingos despu\u00e9s de las misas en la iglesia. 816-231-5445 Cathy4sa@gmail.com<\/p>\t\t\t\t\t\t\t\t<\/div>\n\t\t\t\t<\/div>\n\t\t\t\t\t<\/div>\n\t\t<\/div>\n\t\t\t\t\t<\/div>\n\t\t<\/section>\n\t\t\t\t<\/div>","protected":false},"excerpt":{"rendered":"<p>Presentation of a 3 Year Old &#8211; Presentaci\u00f3n de 3 A\u00f1os Requirements for Presentation of a 3-year old \u27a2 The family must be registered at St. Anthony\u2019s for at least [&hellip;]<\/p>\n","protected":false},"author":2,"featured_media":0,"parent":0,"menu_order":0,"comment_status":"closed","ping_status":"closed","template":"","meta":{"nf_dc_page":"","site-sidebar-layout":"no-sidebar","site-content-layout":"page-builder","ast-site-content-layout":"default","site-content-style":"default","site-sidebar-style":"default","ast-global-header-display":"","ast-banner-title-visibility":"","ast-main-header-display":"","ast-hfb-above-header-display":"","ast-hfb-below-header-display":"","ast-hfb-mobile-header-display":"","site-post-title":"disabled","ast-breadcrumbs-content":"","ast-featured-img":"disabled","footer-sml-layout":"","ast-disable-related-posts":"","theme-transparent-header-meta":"default","adv-header-id-meta":"","stick-header-meta":"","header-above-stick-meta":"","header-main-stick-meta":"","header-below-stick-meta":"","astra-migrate-meta-layouts":"default","ast-page-background-enabled":"default","ast-page-background-meta":{"desktop":{"background-color":"","background-image":"","background-repeat":"repeat","background-position":"center center","background-size":"auto","background-attachment":"scroll","background-type":"","background-media":"","overlay-type":"","overlay-color":"","overlay-opacity":"","overlay-gradient":""},"tablet":{"background-color":"","background-image":"","background-repeat":"repeat","background-position":"center center","background-size":"auto","background-attachment":"scroll","background-type":"","background-media":"","overlay-type":"","overlay-color":"","overlay-opacity":"","overlay-gradient":""},"mobile":{"background-color":"","background-image":"","background-repeat":"repeat","background-position":"center center","background-size":"auto","background-attachment":"scroll","background-type":"","background-media":"","overlay-type":"","overlay-color":"","overlay-opacity":"","overlay-gradient":""}},"ast-content-background-meta":{"desktop":{"background-color":"var(--ast-global-color-5)","background-image":"","background-repeat":"repeat","background-position":"center center","background-size":"auto","background-attachment":"scroll","background-type":"","background-media":"","overlay-type":"","overlay-color":"","overlay-opacity":"","overlay-gradient":""},"tablet":{"background-color":"var(--ast-global-color-5)","background-image":"","background-repeat":"repeat","background-position":"center center","background-size":"auto","background-attachment":"scroll","background-type":"","background-media":"","overlay-type":"","overlay-color":"","overlay-opacity":"","overlay-gradient":""},"mobile":{"background-color":"var(--ast-global-color-5)","background-image":"","background-repeat":"repeat","background-position":"center center","background-size":"auto","background-attachment":"scroll","background-type":"","background-media":"","overlay-type":"","overlay-color":"","overlay-opacity":"","overlay-gradient":""}},"footnotes":""},"class_list":["post-7269","page","type-page","status-publish","hentry"],"_links":{"self":[{"href":"https:\/\/stanthonykc.org\/es\/wp-json\/wp\/v2\/pages\/7269","targetHints":{"allow":["GET"]}}],"collection":[{"href":"https:\/\/stanthonykc.org\/es\/wp-json\/wp\/v2\/pages"}],"about":[{"href":"https:\/\/stanthonykc.org\/es\/wp-json\/wp\/v2\/types\/page"}],"author":[{"embeddable":true,"href":"https:\/\/stanthonykc.org\/es\/wp-json\/wp\/v2\/users\/2"}],"replies":[{"embeddable":true,"href":"https:\/\/stanthonykc.org\/es\/wp-json\/wp\/v2\/comments?post=7269"}],"version-history":[{"count":5,"href":"https:\/\/stanthonykc.org\/es\/wp-json\/wp\/v2\/pages\/7269\/revisions"}],"predecessor-version":[{"id":8735,"href":"https:\/\/stanthonykc.org\/es\/wp-json\/wp\/v2\/pages\/7269\/revisions\/8735"}],"wp:attachment":[{"href":"https:\/\/stanthonykc.org\/es\/wp-json\/wp\/v2\/media?parent=7269"}],"curies":[{"name":"wp","href":"https:\/\/api.w.org\/{rel}","templated":true}]}}