{"id":7251,"date":"2021-05-26T10:47:42","date_gmt":"2021-05-26T16:47:42","guid":{"rendered":"https:\/\/stanthonykc.org\/?page_id=7251"},"modified":"2026-04-17T07:59:23","modified_gmt":"2026-04-17T13:59:23","slug":"baptism-bautismos","status":"publish","type":"page","link":"https:\/\/stanthonykc.org\/es\/baptism-bautismos\/","title":{"rendered":"Baptism-Bautismos"},"content":{"rendered":"<div data-elementor-type=\"wp-page\" data-elementor-id=\"7251\" class=\"elementor elementor-7251\">\n\t\t\t\t\t\t<section class=\"elementor-section elementor-top-section elementor-element elementor-element-9154824 elementor-section-boxed elementor-section-height-default elementor-section-height-default\" data-id=\"9154824\" data-element_type=\"section\" data-e-type=\"section\">\n\t\t\t\t\t\t<div class=\"elementor-container elementor-column-gap-default\">\n\t\t\t\t\t<div class=\"elementor-column elementor-col-100 elementor-top-column elementor-element elementor-element-a3c324c\" data-id=\"a3c324c\" data-element_type=\"column\" data-e-type=\"column\">\n\t\t\t<div class=\"elementor-widget-wrap elementor-element-populated\">\n\t\t\t\t\t\t<div class=\"elementor-element elementor-element-76c9048 elementor-widget elementor-widget-heading\" data-id=\"76c9048\" data-element_type=\"widget\" data-e-type=\"widget\" data-widget_type=\"heading.default\">\n\t\t\t\t<div class=\"elementor-widget-container\">\n\t\t\t\t\t<h2 class=\"elementor-heading-title elementor-size-default\">Baptisms-Baptismos<\/h2>\t\t\t\t<\/div>\n\t\t\t\t<\/div>\n\t\t\t\t\t<\/div>\n\t\t<\/div>\n\t\t\t\t\t<\/div>\n\t\t<\/section>\n\t\t\t\t<section class=\"elementor-section elementor-top-section elementor-element elementor-element-987f9d0 elementor-section-boxed elementor-section-height-default elementor-section-height-default\" data-id=\"987f9d0\" data-element_type=\"section\" data-e-type=\"section\">\n\t\t\t\t\t\t<div class=\"elementor-container elementor-column-gap-default\">\n\t\t\t\t\t<div class=\"elementor-column elementor-col-100 elementor-top-column elementor-element elementor-element-1df611d\" data-id=\"1df611d\" data-element_type=\"column\" data-e-type=\"column\">\n\t\t\t<div class=\"elementor-widget-wrap elementor-element-populated\">\n\t\t\t\t\t\t<div class=\"elementor-element elementor-element-5c95b82 elementor-widget elementor-widget-image\" data-id=\"5c95b82\" data-element_type=\"widget\" data-e-type=\"widget\" data-widget_type=\"image.default\">\n\t\t\t\t<div class=\"elementor-widget-container\">\n\t\t\t\t\t\t\t\t\t\t\t\t\t\t\t<img loading=\"lazy\" decoding=\"async\" width=\"300\" height=\"200\" src=\"https:\/\/stanthonykc.org\/wp-content\/uploads\/2021\/05\/josh-applegate-mjn1LcoU1Cw-unsplash-300x200.jpg\" class=\"attachment-medium size-medium wp-image-7253\" alt=\"\" srcset=\"https:\/\/stanthonykc.org\/wp-content\/uploads\/2021\/05\/josh-applegate-mjn1LcoU1Cw-unsplash-300x200.jpg 300w, https:\/\/stanthonykc.org\/wp-content\/uploads\/2021\/05\/josh-applegate-mjn1LcoU1Cw-unsplash-1024x683.jpg 1024w, https:\/\/stanthonykc.org\/wp-content\/uploads\/2021\/05\/josh-applegate-mjn1LcoU1Cw-unsplash-768x512.jpg 768w, https:\/\/stanthonykc.org\/wp-content\/uploads\/2021\/05\/josh-applegate-mjn1LcoU1Cw-unsplash-1536x1024.jpg 1536w\" sizes=\"auto, (max-width: 300px) 100vw, 300px\" \/>\t\t\t\t\t\t\t\t\t\t\t\t\t\t\t<\/div>\n\t\t\t\t<\/div>\n\t\t\t\t\t<\/div>\n\t\t<\/div>\n\t\t\t\t\t<\/div>\n\t\t<\/section>\n\t\t\t\t<section class=\"elementor-section elementor-top-section elementor-element elementor-element-0ab8331 elementor-section-boxed elementor-section-height-default elementor-section-height-default\" data-id=\"0ab8331\" data-element_type=\"section\" data-e-type=\"section\">\n\t\t\t\t\t\t<div class=\"elementor-container elementor-column-gap-default\">\n\t\t\t\t\t<div class=\"elementor-column elementor-col-50 elementor-top-column elementor-element elementor-element-567d7e8\" data-id=\"567d7e8\" data-element_type=\"column\" data-e-type=\"column\">\n\t\t\t<div class=\"elementor-widget-wrap elementor-element-populated\">\n\t\t\t\t\t\t<div class=\"elementor-element elementor-element-1c9f8a3 elementor-widget elementor-widget-text-editor\" data-id=\"1c9f8a3\" data-element_type=\"widget\" data-e-type=\"widget\" data-widget_type=\"text-editor.default\">\n\t\t\t\t<div class=\"elementor-widget-container\">\n\t\t\t\t\t\t\t\t\t<div id=\"elementor-tab-content-5632\" class=\"elementor-tab-content elementor-clearfix elementor-active\" role=\"tabpanel\" data-tab=\"2\" aria-labelledby=\"elementor-tab-title-5632\">\n<p><strong>Requisitos para el Bautismo<\/strong><\/p>\n<p>\u27a2 Ser un miembro registrado de la parroquia durante al menos 3 meses, asistir a misa<br>\u27a2 Ser un miembro registrado de la parroquia durante al menos 3 meses, asistir a misa<\/p>\n<p>\u27a2 Parents and godparents must take a baptism class.<br>Classes are arranged by appointment. Contact Cathy Hernandez to set up a time (816) 430-4273.<\/p>\n<p>\u27a2 Los padrinos si est\u00e1n casados \u200b\u200bdeben proporcionar un certificado de matrimonio a trav\u00e9s del<br>Catholic church and confirmation certificate.<\/p>\n<p>\u27a2 Tenga en cuenta que solo aquellos que han sido bautizados, confirmados y<br>received first communion may serve as godparents in the Catholic Church.<\/p>\n<p>\u27a2 Provide a copy of the child\u2019s birth certificate.<\/p>\n<p>\u27a2 La donaci\u00f3n sugerida es de $ 80.<\/p>\n<p>\u27a2 If the person only wants to take the class but have the baptism elsewhere, the suggested donation is $35.<\/p>\n<p>\u27a2 Baptisms at St. Anthony take place only on Sundays during Mass.<\/p>\n<p><strong> Contacto:<\/strong>&nbsp;<a href=\"mailto:stanthonyoffice@stanthonykc.org\" target=\"_blank\" rel=\"noopener\">Laura Valencia<\/a>&nbsp;(816-430-4272)&nbsp;<\/p>\n<\/div>\t\t\t\t\t\t\t\t<\/div>\n\t\t\t\t<\/div>\n\t\t\t\t\t<\/div>\n\t\t<\/div>\n\t\t\t\t<div class=\"elementor-column elementor-col-50 elementor-top-column elementor-element elementor-element-51a2dc1\" data-id=\"51a2dc1\" data-element_type=\"column\" data-e-type=\"column\">\n\t\t\t<div class=\"elementor-widget-wrap elementor-element-populated\">\n\t\t\t\t\t\t<div class=\"elementor-element elementor-element-1163b39 elementor-widget elementor-widget-text-editor\" data-id=\"1163b39\" data-element_type=\"widget\" data-e-type=\"widget\" data-widget_type=\"text-editor.default\">\n\t\t\t\t<div class=\"elementor-widget-container\">\n\t\t\t\t\t\t\t\t\t<p><strong>Requisitos para el bautismo<\/strong><\/p><p>\u27a2 Ser miembro registrado de la parroquia durante al menos 3 meses, asistir a misa y ser activo en la parroquia.<\/p><p>\u27a2 Los padres y padrinos deben tomar una clase de bautismo. Las clases son cada primer domingo del mes. Favor de cominicase con Laura para registrarse.<\/p><p>\u27a2 Los padrinos, si est\u00e1n casados, deben presentar un certificado de matrimonio a trav\u00e9s del iglesia cat\u00f3lica y certificado de confirmaci\u00f3n.<\/p><p>\u27a2 Tenga en cuenta que solo aquellos que han sido bautizados, confirmados y<br \/>recibieron la primera comuni\u00f3n pueden servir como padrinos en\u00a0Iglesia Catolica.<\/p><p>\u27a2 Proporcione una copia del certificado de nacimiento del ni\u00f1o.<\/p><p>\u27a2 La donaci\u00f3n sugerida es de $80.<\/p><p>\u27a2 Si la persona solo quiere tomar la clase pero tener el bautismo en otro lugar, la donaci\u00f3n sugerida es de $35.<\/p><p>\u27a2 Los bautismos en San Antonio son solo los domingos durante la misa.<\/p><p><strong>Contacto:<\/strong>\u00a0<a href=\"mailto:stanthonyoffice@stanthonykc.org\" target=\"_blank\" rel=\"noopener\">Laura Valencia<\/a>\u00a0(816-430-4272)\u00a0<\/p>\t\t\t\t\t\t\t\t<\/div>\n\t\t\t\t<\/div>\n\t\t\t\t\t<\/div>\n\t\t<\/div>\n\t\t\t\t\t<\/div>\n\t\t<\/section>\n\t\t\t\t<\/div>","protected":false},"excerpt":{"rendered":"<p>Baptisms-Baptismos Requirements for Baptism \u27a2 Be a registered member of the parish for at least 3 months, attend massand be active in the parish. \u27a2 Parents and godparents must take [&hellip;]<\/p>\n","protected":false},"author":2,"featured_media":0,"parent":0,"menu_order":0,"comment_status":"closed","ping_status":"closed","template":"","meta":{"nf_dc_page":"","site-sidebar-layout":"no-sidebar","site-content-layout":"page-builder","ast-site-content-layout":"default","site-content-style":"default","site-sidebar-style":"default","ast-global-header-display":"","ast-banner-title-visibility":"","ast-main-header-display":"","ast-hfb-above-header-display":"","ast-hfb-below-header-display":"","ast-hfb-mobile-header-display":"","site-post-title":"","ast-breadcrumbs-content":"","ast-featured-img":"disabled","footer-sml-layout":"","ast-disable-related-posts":"","theme-transparent-header-meta":"default","adv-header-id-meta":"","stick-header-meta":"","header-above-stick-meta":"","header-main-stick-meta":"","header-below-stick-meta":"","astra-migrate-meta-layouts":"default","ast-page-background-enabled":"default","ast-page-background-meta":{"desktop":{"background-color":"","background-image":"","background-repeat":"repeat","background-position":"center center","background-size":"auto","background-attachment":"scroll","background-type":"","background-media":"","overlay-type":"","overlay-color":"","overlay-opacity":"","overlay-gradient":""},"tablet":{"background-color":"","background-image":"","background-repeat":"repeat","background-position":"center center","background-size":"auto","background-attachment":"scroll","background-type":"","background-media":"","overlay-type":"","overlay-color":"","overlay-opacity":"","overlay-gradient":""},"mobile":{"background-color":"","background-image":"","background-repeat":"repeat","background-position":"center center","background-size":"auto","background-attachment":"scroll","background-type":"","background-media":"","overlay-type":"","overlay-color":"","overlay-opacity":"","overlay-gradient":""}},"ast-content-background-meta":{"desktop":{"background-color":"var(--ast-global-color-5)","background-image":"","background-repeat":"repeat","background-position":"center center","background-size":"auto","background-attachment":"scroll","background-type":"","background-media":"","overlay-type":"","overlay-color":"","overlay-opacity":"","overlay-gradient":""},"tablet":{"background-color":"var(--ast-global-color-5)","background-image":"","background-repeat":"repeat","background-position":"center center","background-size":"auto","background-attachment":"scroll","background-type":"","background-media":"","overlay-type":"","overlay-color":"","overlay-opacity":"","overlay-gradient":""},"mobile":{"background-color":"var(--ast-global-color-5)","background-image":"","background-repeat":"repeat","background-position":"center center","background-size":"auto","background-attachment":"scroll","background-type":"","background-media":"","overlay-type":"","overlay-color":"","overlay-opacity":"","overlay-gradient":""}},"footnotes":""},"class_list":["post-7251","page","type-page","status-publish","hentry"],"_links":{"self":[{"href":"https:\/\/stanthonykc.org\/es\/wp-json\/wp\/v2\/pages\/7251","targetHints":{"allow":["GET"]}}],"collection":[{"href":"https:\/\/stanthonykc.org\/es\/wp-json\/wp\/v2\/pages"}],"about":[{"href":"https:\/\/stanthonykc.org\/es\/wp-json\/wp\/v2\/types\/page"}],"author":[{"embeddable":true,"href":"https:\/\/stanthonykc.org\/es\/wp-json\/wp\/v2\/users\/2"}],"replies":[{"embeddable":true,"href":"https:\/\/stanthonykc.org\/es\/wp-json\/wp\/v2\/comments?post=7251"}],"version-history":[{"count":5,"href":"https:\/\/stanthonykc.org\/es\/wp-json\/wp\/v2\/pages\/7251\/revisions"}],"predecessor-version":[{"id":9893,"href":"https:\/\/stanthonykc.org\/es\/wp-json\/wp\/v2\/pages\/7251\/revisions\/9893"}],"wp:attachment":[{"href":"https:\/\/stanthonykc.org\/es\/wp-json\/wp\/v2\/media?parent=7251"}],"curies":[{"name":"wp","href":"https:\/\/api.w.org\/{rel}","templated":true}]}}